{"id":6394,"date":"2026-02-14T01:04:22","date_gmt":"2026-02-14T01:04:22","guid":{"rendered":"https:\/\/hotelcoma.audiologygrowth.com\/bikefriendly\/"},"modified":"2026-04-15T00:41:44","modified_gmt":"2026-04-15T00:41:44","slug":"bikefriendly","status":"publish","type":"page","link":"https:\/\/hotelcoma.audiologygrowth.com\/ca\/bikefriendly\/","title":{"rendered":"Bikefriendly"},"content":{"rendered":"\t\t<div data-elementor-type=\"wp-page\" data-elementor-id=\"6394\" class=\"elementor elementor-6394 elementor-5382\" data-elementor-post-type=\"page\">\n\t\t\t\t<div class=\"elementor-element elementor-element-5e4c94a e-con-full e-flex e-con e-parent\" data-id=\"5e4c94a\" data-element_type=\"container\" data-e-type=\"container\" data-settings=\"{&quot;background_background&quot;:&quot;classic&quot;}\">\n\t\t<div class=\"elementor-element elementor-element-2765fc2 e-con-full e-flex e-con e-child\" data-id=\"2765fc2\" data-element_type=\"container\" data-e-type=\"container\" data-settings=\"{&quot;background_background&quot;:&quot;classic&quot;}\">\n\t\t\t\t<div class=\"elementor-element elementor-element-b6c53de elementor-invisible elementor-widget elementor-widget-heading\" data-id=\"b6c53de\" data-element_type=\"widget\" data-e-type=\"widget\" data-settings=\"{&quot;_animation&quot;:&quot;fadeInUp&quot;}\" data-widget_type=\"heading.default\">\n\t\t\t\t\t<h1 class=\"elementor-heading-title elementor-size-default\"><i>Un hotel pensat \nper a ciclistes<\/i><br> al cor d'Andorra<\/h1>\t\t\t\t<\/div>\n\t\t\t\t<\/div>\n\t\t\t\t<\/div>\n\t\t<div class=\"elementor-element elementor-element-828f273 e-flex e-con-boxed e-con e-parent\" data-id=\"828f273\" data-element_type=\"container\" data-e-type=\"container\">\n\t\t\t\t\t<div class=\"e-con-inner\">\n\t\t<div class=\"elementor-element elementor-element-1252a67 e-con-full e-flex elementor-invisible e-con e-child\" data-id=\"1252a67\" data-element_type=\"container\" data-e-type=\"container\" data-settings=\"{&quot;animation&quot;:&quot;fadeIn&quot;}\">\n\t\t\t\t<div class=\"elementor-element elementor-element-949023b elementor-widget__width-initial elementor-widget elementor-widget-heading\" data-id=\"949023b\" data-element_type=\"widget\" data-e-type=\"widget\" data-widget_type=\"heading.default\">\n\t\t\t\t\t<h1 class=\"elementor-heading-title elementor-size-default\">Hotel Coma<\/h1>\t\t\t\t<\/div>\n\t\t\t\t<div class=\"elementor-element elementor-element-29da679 elementor-widget elementor-widget-image\" data-id=\"29da679\" data-element_type=\"widget\" data-e-type=\"widget\" data-widget_type=\"image.default\">\n\t\t\t\t\t\t\t\t\t\t\t\t\t\t\t<img decoding=\"async\" width=\"414\" height=\"113\" data-src=\"https:\/\/hotelcoma.audiologygrowth.com\/wp-content\/uploads\/2026\/04\/logo-bikefriendly.png\" class=\"attachment-large size-large wp-image-6391 lazyload\" alt=\"\" data-srcset=\"https:\/\/hotelcoma.audiologygrowth.com\/wp-content\/uploads\/2026\/04\/logo-bikefriendly.png 414w, https:\/\/hotelcoma.audiologygrowth.com\/wp-content\/uploads\/2026\/04\/logo-bikefriendly-300x82.png 300w\" data-sizes=\"(max-width: 414px) 100vw, 414px\" src=\"data:image\/svg+xml;base64,PHN2ZyB3aWR0aD0iMSIgaGVpZ2h0PSIxIiB4bWxucz0iaHR0cDovL3d3dy53My5vcmcvMjAwMC9zdmciPjwvc3ZnPg==\" style=\"--smush-placeholder-width: 414px; --smush-placeholder-aspect-ratio: 414\/113;\" \/>\t\t\t\t\t\t\t\t\t\t\t\t\t\t\t<\/div>\n\t\t\t\t<div class=\"elementor-element elementor-element-ba5a458 elementor-widget__width-initial elementor-widget elementor-widget-heading\" data-id=\"ba5a458\" data-element_type=\"widget\" data-e-type=\"widget\" data-widget_type=\"heading.default\">\n\t\t\t\t\t<h1 class=\"elementor-heading-title elementor-size-default\">Serveis, rutes i comoditats dissenyades per gaudir de la bicicleta als Pirineus\n<\/h1>\t\t\t\t<\/div>\n\t\t\t\t<div class=\"elementor-element elementor-element-22b9794 elementor-widget__width-initial elementor-widget elementor-widget-text-editor\" data-id=\"22b9794\" data-element_type=\"widget\" data-e-type=\"widget\" data-widget_type=\"text-editor.default\">\n\t\t\t\t\t\t\t\t\t<p>A l&#8217;Hotel Coma trobareu instal\u00b7lacions i serveis pensats especialment per a ciclistes que desitgen descobrir Andorra sobre dues rodes.<\/p><p>Formem part de <strong>Bikefriendly<\/strong>, una certificaci\u00f3 que avala el nostre comprom\u00eds d&#8217;oferir un allotjament adaptat a les necessitats dels ciclistes, tant de carretera com de muntanya.  <\/p><p>Tant si veniu a entrenar com a gaudir de rutes panor\u00e0miques pels Pirineus, aqu\u00ed trobareu comoditat, seguretat i el suport necessari durant la vostra estada.<\/p>\t\t\t\t\t\t\t\t<\/div>\n\t\t\t\t<\/div>\n\t\t\t\t\t<\/div>\n\t\t\t\t<\/div>\n\t\t<div class=\"elementor-element elementor-element-c612712 e-con-full e-flex e-con e-parent\" data-id=\"c612712\" data-element_type=\"container\" data-e-type=\"container\">\n\t\t<div class=\"elementor-element elementor-element-02b472c e-con-full e-flex e-con e-child\" data-id=\"02b472c\" data-element_type=\"container\" data-e-type=\"container\">\n\t\t\t\t<div class=\"elementor-element elementor-element-17f95a4 elementor-widget elementor-widget-heading\" data-id=\"17f95a4\" data-element_type=\"widget\" data-e-type=\"widget\" data-widget_type=\"heading.default\">\n\t\t\t\t\t<h2 class=\"elementor-heading-title elementor-size-default\">Instal\u00b7lacions i serveis <br>per a ciclistes<\/h2>\t\t\t\t<\/div>\n\t\t\t\t<div class=\"elementor-element elementor-element-153f340 elementor-widget__width-initial elementor-widget elementor-widget-text-editor\" data-id=\"153f340\" data-element_type=\"widget\" data-e-type=\"widget\" data-widget_type=\"text-editor.default\">\n\t\t\t\t\t\t\t\t\t<p>Posem a la vostra disposici\u00f3 espais i recursos pensats perqu\u00e8 pugueu cuidar la vostra bicicleta i recuperar-vos despr\u00e9s de cada jornada.<\/p><p>Entre els nostres serveis Bike Friendly trobareu:<\/p><ul><li>Espai segur per guardar bicicletes<\/li><li>Zona equipada per a petites reparacions i ajustos<\/li><li>Eines b\u00e0siques per a manteniment<\/li><li>Informaci\u00f3 detallada sobre rutes des de l&#8217;hotel<\/li><li>Assessorament personalitzat segons nivell i temporada.<\/li><\/ul><p>Tot pensat perqu\u00e8 us pugueu centrar en l&#8217;important: gaudir de la ruta.<\/p>\t\t\t\t\t\t\t\t<\/div>\n\t\t\t\t<\/div>\n\t\t<div class=\"elementor-element elementor-element-c7cf1f5 e-con-full e-flex e-con e-child\" data-id=\"c7cf1f5\" data-element_type=\"container\" data-e-type=\"container\">\n\t\t\t\t<div class=\"elementor-element elementor-element-edb6366 elementor-invisible elementor-widget elementor-widget-image\" data-id=\"edb6366\" data-element_type=\"widget\" data-e-type=\"widget\" data-settings=\"{&quot;_animation&quot;:&quot;fadeIn&quot;}\" data-widget_type=\"image.default\">\n\t\t\t\t\t\t\t\t\t\t\t\t\t\t\t<img fetchpriority=\"high\" decoding=\"async\" width=\"1200\" height=\"1432\" src=\"https:\/\/hotelcoma.audiologygrowth.com\/wp-content\/uploads\/2026\/03\/BIKE-2-e1773247015204.jpeg\" class=\"attachment-full size-full wp-image-6392\" alt=\"\" srcset=\"https:\/\/hotelcoma.audiologygrowth.com\/wp-content\/uploads\/2026\/03\/BIKE-2-e1773247015204.jpeg 1200w, https:\/\/hotelcoma.audiologygrowth.com\/wp-content\/uploads\/2026\/03\/BIKE-2-e1773247015204-251x300.jpeg 251w, https:\/\/hotelcoma.audiologygrowth.com\/wp-content\/uploads\/2026\/03\/BIKE-2-e1773247015204-858x1024.jpeg 858w, https:\/\/hotelcoma.audiologygrowth.com\/wp-content\/uploads\/2026\/03\/BIKE-2-e1773247015204-768x916.jpeg 768w\" sizes=\"(max-width: 1200px) 100vw, 1200px\" \/>\t\t\t\t\t\t\t\t\t\t\t\t\t\t\t<\/div>\n\t\t\t\t<\/div>\n\t\t\t\t<\/div>\n\t\t<div class=\"elementor-element elementor-element-4b36701 e-con-full e-flex e-con e-parent\" data-id=\"4b36701\" data-element_type=\"container\" data-e-type=\"container\">\n\t\t<div class=\"elementor-element elementor-element-2bdcda6 e-con-full e-flex e-con e-child\" data-id=\"2bdcda6\" data-element_type=\"container\" data-e-type=\"container\">\n\t\t\t\t<div class=\"elementor-element elementor-element-d94421c elementor-widget elementor-widget-heading\" data-id=\"d94421c\" data-element_type=\"widget\" data-e-type=\"widget\" data-widget_type=\"heading.default\">\n\t\t\t\t\t<h2 class=\"elementor-heading-title elementor-size-default\">Andorra, una destinaci\u00f3 ideal <br> per a la bicicleta\n<\/h2>\t\t\t\t<\/div>\n\t\t\t\t<div class=\"elementor-element elementor-element-1c50c05 elementor-widget__width-initial elementor-widget elementor-widget-text-editor\" data-id=\"1c50c05\" data-element_type=\"widget\" data-e-type=\"widget\" data-widget_type=\"text-editor.default\">\n\t\t\t\t\t\t\t\t\t<p>Ubicat a Ordino, l&#8217;Hotel Coma \u00e9s un punt de partida estrat\u00e8gic per accedir a rutes de carretera i muntanya en un entorn natural privilegiat.<\/p><p>Des de l&#8217;hotel podreu iniciar recorreguts adaptats a diferents nivells, combinant esport, paisatge i tranquil\u00b7litat en qualsevol \u00e8poca de l&#8217;any.  <\/p>\t\t\t\t\t\t\t\t<\/div>\n\t\t\t\t<\/div>\n\t\t<div class=\"elementor-element elementor-element-122094a e-con-full e-flex e-con e-child\" data-id=\"122094a\" data-element_type=\"container\" data-e-type=\"container\">\n\t\t\t\t<div class=\"elementor-element elementor-element-6260f53 elementor-invisible elementor-widget elementor-widget-image\" data-id=\"6260f53\" data-element_type=\"widget\" data-e-type=\"widget\" data-settings=\"{&quot;_animation&quot;:&quot;fadeIn&quot;}\" data-widget_type=\"image.default\">\n\t\t\t\t\t\t\t\t\t\t\t\t\t\t\t<img decoding=\"async\" width=\"1186\" height=\"886\" data-src=\"https:\/\/hotelcoma.audiologygrowth.com\/wp-content\/uploads\/2026\/03\/arcalis-coma-estiu-portada-01-e1773850477325.jpeg\" class=\"attachment-full size-full wp-image-6393 lazyload\" alt=\"\" data-srcset=\"https:\/\/hotelcoma.audiologygrowth.com\/wp-content\/uploads\/2026\/03\/arcalis-coma-estiu-portada-01-e1773850477325.jpeg 1186w, https:\/\/hotelcoma.audiologygrowth.com\/wp-content\/uploads\/2026\/03\/arcalis-coma-estiu-portada-01-e1773850477325-300x224.jpeg 300w, https:\/\/hotelcoma.audiologygrowth.com\/wp-content\/uploads\/2026\/03\/arcalis-coma-estiu-portada-01-e1773850477325-1024x765.jpeg 1024w, https:\/\/hotelcoma.audiologygrowth.com\/wp-content\/uploads\/2026\/03\/arcalis-coma-estiu-portada-01-e1773850477325-768x574.jpeg 768w\" data-sizes=\"(max-width: 1186px) 100vw, 1186px\" src=\"data:image\/svg+xml;base64,PHN2ZyB3aWR0aD0iMSIgaGVpZ2h0PSIxIiB4bWxucz0iaHR0cDovL3d3dy53My5vcmcvMjAwMC9zdmciPjwvc3ZnPg==\" style=\"--smush-placeholder-width: 1186px; --smush-placeholder-aspect-ratio: 1186\/886;\" \/>\t\t\t\t\t\t\t\t\t\t\t\t\t\t\t<\/div>\n\t\t\t\t<\/div>\n\t\t\t\t<\/div>\n\t\t<div class=\"elementor-element elementor-element-abc80f9 e-flex e-con-boxed e-con e-parent\" data-id=\"abc80f9\" data-element_type=\"container\" data-e-type=\"container\" data-settings=\"{&quot;background_background&quot;:&quot;classic&quot;}\">\n\t\t\t\t\t<div class=\"e-con-inner\">\n\t\t<div class=\"elementor-element elementor-element-57f0d42 e-con-full e-flex elementor-invisible e-con e-child\" data-id=\"57f0d42\" data-element_type=\"container\" data-e-type=\"container\" data-settings=\"{&quot;animation&quot;:&quot;fadeInUp&quot;}\">\n\t\t\t\t<div class=\"elementor-element elementor-element-78780de animated-slow elementor-invisible elementor-widget elementor-widget-heading\" data-id=\"78780de\" data-element_type=\"widget\" data-e-type=\"widget\" data-settings=\"{&quot;_animation&quot;:&quot;fadeIn&quot;}\" data-widget_type=\"heading.default\">\n\t\t\t\t\t<h2 class=\"elementor-heading-title elementor-size-default\">Esteu planificant la vostra propera sortida en bici?\n<\/h2>\t\t\t\t<\/div>\n\t\t\t\t<\/div>\n\t\t<div class=\"elementor-element elementor-element-2d73cc5 e-con-full e-flex e-con e-child\" data-id=\"2d73cc5\" data-element_type=\"container\" data-e-type=\"container\">\n\t\t\t\t<div class=\"elementor-element elementor-element-e464087 elementor-widget__width-initial elementor-widget elementor-widget-text-editor\" data-id=\"e464087\" data-element_type=\"widget\" data-e-type=\"widget\" data-widget_type=\"text-editor.default\">\n\t\t\t\t\t\t\t\t\t<p>Reserveu la vostra estada i descobriu Andorra sobre dues rodes des d&#8217;un hotel<br>preparat per a ciclistes.<\/p>\t\t\t\t\t\t\t\t<\/div>\n\t\t\t\t<\/div>\n\t\t<div class=\"elementor-element elementor-element-d3b28f4 e-con-full e-flex elementor-invisible e-con e-child\" data-id=\"d3b28f4\" data-element_type=\"container\" data-e-type=\"container\" data-settings=\"{&quot;animation&quot;:&quot;fadeInUp&quot;}\">\n\t\t\t\t<div class=\"elementor-element elementor-element-281e939 elementor-tablet-align-center elementor-mobile-align-center e-transform e-transform elementor-widget-mobile__width-inherit elementor-widget elementor-widget-button\" data-id=\"281e939\" data-element_type=\"widget\" data-e-type=\"widget\" data-settings=\"{&quot;_transform_translateX_effect_hover&quot;:{&quot;unit&quot;:&quot;px&quot;,&quot;size&quot;:4,&quot;sizes&quot;:[]},&quot;_transform_translateX_effect&quot;:{&quot;unit&quot;:&quot;px&quot;,&quot;size&quot;:&quot;&quot;,&quot;sizes&quot;:[]},&quot;_transform_translateX_effect_tablet&quot;:{&quot;unit&quot;:&quot;px&quot;,&quot;size&quot;:&quot;&quot;,&quot;sizes&quot;:[]},&quot;_transform_translateX_effect_mobile&quot;:{&quot;unit&quot;:&quot;px&quot;,&quot;size&quot;:&quot;&quot;,&quot;sizes&quot;:[]},&quot;_transform_translateY_effect&quot;:{&quot;unit&quot;:&quot;px&quot;,&quot;size&quot;:&quot;&quot;,&quot;sizes&quot;:[]},&quot;_transform_translateY_effect_tablet&quot;:{&quot;unit&quot;:&quot;px&quot;,&quot;size&quot;:&quot;&quot;,&quot;sizes&quot;:[]},&quot;_transform_translateY_effect_mobile&quot;:{&quot;unit&quot;:&quot;px&quot;,&quot;size&quot;:&quot;&quot;,&quot;sizes&quot;:[]},&quot;_transform_translateX_effect_hover_tablet&quot;:{&quot;unit&quot;:&quot;px&quot;,&quot;size&quot;:&quot;&quot;,&quot;sizes&quot;:[]},&quot;_transform_translateX_effect_hover_mobile&quot;:{&quot;unit&quot;:&quot;px&quot;,&quot;size&quot;:&quot;&quot;,&quot;sizes&quot;:[]},&quot;_transform_translateY_effect_hover&quot;:{&quot;unit&quot;:&quot;px&quot;,&quot;size&quot;:&quot;&quot;,&quot;sizes&quot;:[]},&quot;_transform_translateY_effect_hover_tablet&quot;:{&quot;unit&quot;:&quot;px&quot;,&quot;size&quot;:&quot;&quot;,&quot;sizes&quot;:[]},&quot;_transform_translateY_effect_hover_mobile&quot;:{&quot;unit&quot;:&quot;px&quot;,&quot;size&quot;:&quot;&quot;,&quot;sizes&quot;:[]}}\" data-widget_type=\"button.default\">\n\t\t\t\t\t\t\t\t\t\t<a class=\"elementor-button elementor-button-link elementor-size-sm\" href=\"https:\/\/reserves.hotelcoma.com\/ca\/hotel\/hotelcoma?_gl=1*oouom5*_ga*MjEyMTc4NDczMi4xNzU5MzMyOTc4*_ga_5NGNVYS8S4*czE3NjU5NjkyNzQkbzY5JGcxJHQxNzY1OTY5OTk5JGo2MCRsMCRoMA..&#038;roomId=\" target=\"_blank\">\n\t\t\t\t\t\t<span class=\"elementor-button-content-wrapper\">\n\t\t\t\t\t\t<span class=\"elementor-button-icon\">\n\t\t\t\t<svg xmlns=\"http:\/\/www.w3.org\/2000\/svg\" width=\"36\" height=\"7\" viewBox=\"0 0 36 7\" fill=\"none\"><path d=\"M0 3.39258H32.948\" stroke=\"#EFEBE5\" stroke-width=\"2\"><\/path><path d=\"M28.9688 6.78125L32.3617 3.39025L28.9688 0.000249863H31.8477L35.2387 3.39025L31.8477 6.78125H28.9688Z\" fill=\"#EFEBE5\"><\/path><\/svg>\t\t\t<\/span>\n\t\t\t\t\t\t\t\t\t<span class=\"elementor-button-text\">Reservar ara<\/span>\n\t\t\t\t\t<\/span>\n\t\t\t\t\t<\/a>\n\t\t\t\t\t\t\t\t<\/div>\n\t\t\t\t<\/div>\n\t\t\t\t\t<\/div>\n\t\t\t\t<\/div>\n\t\t\t\t<\/div>\n\t\t","protected":false},"excerpt":{"rendered":"<p>Un hotel pensat per a ciclistes al cor d&#8217;Andorra Hotel Coma Serveis, rutes i comoditats dissenyades per gaudir de la bicicleta als Pirineus A l&#8217;Hotel Coma trobareu instal\u00b7lacions i serveis pensats especialment per a ciclistes que desitgen descobrir Andorra sobre dues rodes. Formem part de Bikefriendly, una certificaci\u00f3 que avala el nostre comprom\u00eds d&#8217;oferir un [&hellip;]<\/p>\n","protected":false},"author":1,"featured_media":0,"parent":0,"menu_order":0,"comment_status":"closed","ping_status":"closed","template":"elementor_header_footer","meta":{"footnotes":""},"class_list":["post-6394","page","type-page","status-publish","hentry"],"yoast_head":"<!-- This site is optimized with the Yoast SEO plugin v27.2 - https:\/\/yoast.com\/product\/yoast-seo-wordpress\/ -->\n<title>Bikefriendly - Hotel Coma<\/title>\n<meta name=\"robots\" content=\"noindex, follow, max-snippet:-1, max-image-preview:large, max-video-preview:-1\" \/>\n<meta property=\"og:locale\" content=\"ca_ES\" \/>\n<meta property=\"og:type\" content=\"article\" \/>\n<meta property=\"og:title\" content=\"Bikefriendly - Hotel Coma\" \/>\n<meta property=\"og:description\" content=\"Un hotel pensat per a ciclistes al cor d&#8217;Andorra Hotel Coma Serveis, rutes i comoditats dissenyades per gaudir de la bicicleta als Pirineus A l&#8217;Hotel Coma trobareu instal\u00b7lacions i serveis pensats especialment per a ciclistes que desitgen descobrir Andorra sobre dues rodes. Formem part de Bikefriendly, una certificaci\u00f3 que avala el nostre comprom\u00eds d&#8217;oferir un [&hellip;]\" \/>\n<meta property=\"og:url\" content=\"https:\/\/hotelcoma.audiologygrowth.com\/ca\/bikefriendly\/\" \/>\n<meta property=\"og:site_name\" content=\"Hotel Coma\" \/>\n<meta property=\"article:modified_time\" content=\"2026-04-15T00:41:44+00:00\" \/>\n<meta property=\"og:image\" content=\"https:\/\/hotelcoma.audiologygrowth.com\/wp-content\/uploads\/2026\/04\/logo-bikefriendly.png\" \/>\n\t<meta property=\"og:image:width\" content=\"414\" \/>\n\t<meta property=\"og:image:height\" content=\"113\" \/>\n\t<meta property=\"og:image:type\" content=\"image\/png\" \/>\n<meta name=\"twitter:card\" content=\"summary_large_image\" \/>\n<meta name=\"twitter:label1\" content=\"Temps estimat de lectura\" \/>\n\t<meta name=\"twitter:data1\" content=\"1 minut\" \/>\n<script type=\"application\/ld+json\" class=\"yoast-schema-graph\">{\"@context\":\"https:\/\/schema.org\",\"@graph\":[{\"@type\":\"WebPage\",\"@id\":\"https:\/\/hotelcoma.audiologygrowth.com\/ca\/bikefriendly\/\",\"url\":\"https:\/\/hotelcoma.audiologygrowth.com\/ca\/bikefriendly\/\",\"name\":\"Bikefriendly - Hotel Coma\",\"isPartOf\":{\"@id\":\"https:\/\/hotelcoma.audiologygrowth.com\/#website\"},\"primaryImageOfPage\":{\"@id\":\"https:\/\/hotelcoma.audiologygrowth.com\/ca\/bikefriendly\/#primaryimage\"},\"image\":{\"@id\":\"https:\/\/hotelcoma.audiologygrowth.com\/ca\/bikefriendly\/#primaryimage\"},\"thumbnailUrl\":\"https:\/\/hotelcoma.audiologygrowth.com\/wp-content\/uploads\/2026\/04\/logo-bikefriendly.png\",\"datePublished\":\"2026-02-14T01:04:22+00:00\",\"dateModified\":\"2026-04-15T00:41:44+00:00\",\"breadcrumb\":{\"@id\":\"https:\/\/hotelcoma.audiologygrowth.com\/ca\/bikefriendly\/#breadcrumb\"},\"inLanguage\":\"ca\",\"potentialAction\":[{\"@type\":\"ReadAction\",\"target\":[\"https:\/\/hotelcoma.audiologygrowth.com\/ca\/bikefriendly\/\"]}]},{\"@type\":\"ImageObject\",\"inLanguage\":\"ca\",\"@id\":\"https:\/\/hotelcoma.audiologygrowth.com\/ca\/bikefriendly\/#primaryimage\",\"url\":\"https:\/\/hotelcoma.audiologygrowth.com\/wp-content\/uploads\/2026\/04\/logo-bikefriendly.png\",\"contentUrl\":\"https:\/\/hotelcoma.audiologygrowth.com\/wp-content\/uploads\/2026\/04\/logo-bikefriendly.png\"},{\"@type\":\"BreadcrumbList\",\"@id\":\"https:\/\/hotelcoma.audiologygrowth.com\/ca\/bikefriendly\/#breadcrumb\",\"itemListElement\":[{\"@type\":\"ListItem\",\"position\":1,\"name\":\"Inicio\",\"item\":\"https:\/\/hotelcoma.audiologygrowth.com\/ca\/inici\/\"},{\"@type\":\"ListItem\",\"position\":2,\"name\":\"Bikefriendly\"}]},{\"@type\":\"WebSite\",\"@id\":\"https:\/\/hotelcoma.audiologygrowth.com\/#website\",\"url\":\"https:\/\/hotelcoma.audiologygrowth.com\/\",\"name\":\"Hotel Coma\",\"description\":\"\",\"publisher\":{\"@id\":\"https:\/\/hotelcoma.audiologygrowth.com\/#organization\"},\"potentialAction\":[{\"@type\":\"SearchAction\",\"target\":{\"@type\":\"EntryPoint\",\"urlTemplate\":\"https:\/\/hotelcoma.audiologygrowth.com\/?s={search_term_string}\"},\"query-input\":{\"@type\":\"PropertyValueSpecification\",\"valueRequired\":true,\"valueName\":\"search_term_string\"}}],\"inLanguage\":\"ca\"},{\"@type\":\"Organization\",\"@id\":\"https:\/\/hotelcoma.audiologygrowth.com\/#organization\",\"name\":\"Hotel Coma\",\"url\":\"https:\/\/hotelcoma.audiologygrowth.com\/\",\"logo\":{\"@type\":\"ImageObject\",\"inLanguage\":\"ca\",\"@id\":\"https:\/\/hotelcoma.audiologygrowth.com\/#\/schema\/logo\/image\/\",\"url\":\"https:\/\/hotelcoma.audiologygrowth.com\/wp-content\/uploads\/2025\/11\/Group-22.svg\",\"contentUrl\":\"https:\/\/hotelcoma.audiologygrowth.com\/wp-content\/uploads\/2025\/11\/Group-22.svg\",\"width\":229,\"height\":79,\"caption\":\"Hotel Coma\"},\"image\":{\"@id\":\"https:\/\/hotelcoma.audiologygrowth.com\/#\/schema\/logo\/image\/\"}}]}<\/script>\n<!-- \/ Yoast SEO plugin. -->","yoast_head_json":{"title":"Bikefriendly - Hotel Coma","robots":{"index":"noindex","follow":"follow","max-snippet":"max-snippet:-1","max-image-preview":"max-image-preview:large","max-video-preview":"max-video-preview:-1"},"og_locale":"ca_ES","og_type":"article","og_title":"Bikefriendly - Hotel Coma","og_description":"Un hotel pensat per a ciclistes al cor d&#8217;Andorra Hotel Coma Serveis, rutes i comoditats dissenyades per gaudir de la bicicleta als Pirineus A l&#8217;Hotel Coma trobareu instal\u00b7lacions i serveis pensats especialment per a ciclistes que desitgen descobrir Andorra sobre dues rodes. Formem part de Bikefriendly, una certificaci\u00f3 que avala el nostre comprom\u00eds d&#8217;oferir un [&hellip;]","og_url":"https:\/\/hotelcoma.audiologygrowth.com\/ca\/bikefriendly\/","og_site_name":"Hotel Coma","article_modified_time":"2026-04-15T00:41:44+00:00","og_image":[{"width":414,"height":113,"url":"https:\/\/hotelcoma.audiologygrowth.com\/wp-content\/uploads\/2026\/04\/logo-bikefriendly.png","type":"image\/png"}],"twitter_card":"summary_large_image","twitter_misc":{"Temps estimat de lectura":"1 minut"},"schema":{"@context":"https:\/\/schema.org","@graph":[{"@type":"WebPage","@id":"https:\/\/hotelcoma.audiologygrowth.com\/ca\/bikefriendly\/","url":"https:\/\/hotelcoma.audiologygrowth.com\/ca\/bikefriendly\/","name":"Bikefriendly - Hotel Coma","isPartOf":{"@id":"https:\/\/hotelcoma.audiologygrowth.com\/#website"},"primaryImageOfPage":{"@id":"https:\/\/hotelcoma.audiologygrowth.com\/ca\/bikefriendly\/#primaryimage"},"image":{"@id":"https:\/\/hotelcoma.audiologygrowth.com\/ca\/bikefriendly\/#primaryimage"},"thumbnailUrl":"https:\/\/hotelcoma.audiologygrowth.com\/wp-content\/uploads\/2026\/04\/logo-bikefriendly.png","datePublished":"2026-02-14T01:04:22+00:00","dateModified":"2026-04-15T00:41:44+00:00","breadcrumb":{"@id":"https:\/\/hotelcoma.audiologygrowth.com\/ca\/bikefriendly\/#breadcrumb"},"inLanguage":"ca","potentialAction":[{"@type":"ReadAction","target":["https:\/\/hotelcoma.audiologygrowth.com\/ca\/bikefriendly\/"]}]},{"@type":"ImageObject","inLanguage":"ca","@id":"https:\/\/hotelcoma.audiologygrowth.com\/ca\/bikefriendly\/#primaryimage","url":"https:\/\/hotelcoma.audiologygrowth.com\/wp-content\/uploads\/2026\/04\/logo-bikefriendly.png","contentUrl":"https:\/\/hotelcoma.audiologygrowth.com\/wp-content\/uploads\/2026\/04\/logo-bikefriendly.png"},{"@type":"BreadcrumbList","@id":"https:\/\/hotelcoma.audiologygrowth.com\/ca\/bikefriendly\/#breadcrumb","itemListElement":[{"@type":"ListItem","position":1,"name":"Inicio","item":"https:\/\/hotelcoma.audiologygrowth.com\/ca\/inici\/"},{"@type":"ListItem","position":2,"name":"Bikefriendly"}]},{"@type":"WebSite","@id":"https:\/\/hotelcoma.audiologygrowth.com\/#website","url":"https:\/\/hotelcoma.audiologygrowth.com\/","name":"Hotel Coma","description":"","publisher":{"@id":"https:\/\/hotelcoma.audiologygrowth.com\/#organization"},"potentialAction":[{"@type":"SearchAction","target":{"@type":"EntryPoint","urlTemplate":"https:\/\/hotelcoma.audiologygrowth.com\/?s={search_term_string}"},"query-input":{"@type":"PropertyValueSpecification","valueRequired":true,"valueName":"search_term_string"}}],"inLanguage":"ca"},{"@type":"Organization","@id":"https:\/\/hotelcoma.audiologygrowth.com\/#organization","name":"Hotel Coma","url":"https:\/\/hotelcoma.audiologygrowth.com\/","logo":{"@type":"ImageObject","inLanguage":"ca","@id":"https:\/\/hotelcoma.audiologygrowth.com\/#\/schema\/logo\/image\/","url":"https:\/\/hotelcoma.audiologygrowth.com\/wp-content\/uploads\/2025\/11\/Group-22.svg","contentUrl":"https:\/\/hotelcoma.audiologygrowth.com\/wp-content\/uploads\/2025\/11\/Group-22.svg","width":229,"height":79,"caption":"Hotel Coma"},"image":{"@id":"https:\/\/hotelcoma.audiologygrowth.com\/#\/schema\/logo\/image\/"}}]}},"_links":{"self":[{"href":"https:\/\/hotelcoma.audiologygrowth.com\/ca\/wp-json\/wp\/v2\/pages\/6394","targetHints":{"allow":["GET"]}}],"collection":[{"href":"https:\/\/hotelcoma.audiologygrowth.com\/ca\/wp-json\/wp\/v2\/pages"}],"about":[{"href":"https:\/\/hotelcoma.audiologygrowth.com\/ca\/wp-json\/wp\/v2\/types\/page"}],"author":[{"embeddable":true,"href":"https:\/\/hotelcoma.audiologygrowth.com\/ca\/wp-json\/wp\/v2\/users\/1"}],"replies":[{"embeddable":true,"href":"https:\/\/hotelcoma.audiologygrowth.com\/ca\/wp-json\/wp\/v2\/comments?post=6394"}],"version-history":[{"count":1,"href":"https:\/\/hotelcoma.audiologygrowth.com\/ca\/wp-json\/wp\/v2\/pages\/6394\/revisions"}],"predecessor-version":[{"id":6400,"href":"https:\/\/hotelcoma.audiologygrowth.com\/ca\/wp-json\/wp\/v2\/pages\/6394\/revisions\/6400"}],"wp:attachment":[{"href":"https:\/\/hotelcoma.audiologygrowth.com\/ca\/wp-json\/wp\/v2\/media?parent=6394"}],"curies":[{"name":"wp","href":"https:\/\/api.w.org\/{rel}","templated":true}]}}