{"id":6488,"date":"2026-03-11T02:07:12","date_gmt":"2026-03-11T02:07:12","guid":{"rendered":"https:\/\/hotelcoma.audiologygrowth.com\/mascotes\/"},"modified":"2026-04-15T00:45:13","modified_gmt":"2026-04-15T00:45:13","slug":"mascotes","status":"publish","type":"page","link":"https:\/\/hotelcoma.audiologygrowth.com\/ca\/mascotes\/","title":{"rendered":"Mascotes"},"content":{"rendered":"\t\t<div data-elementor-type=\"wp-page\" data-elementor-id=\"6488\" class=\"elementor elementor-6488 elementor-5737\" data-elementor-post-type=\"page\">\n\t\t\t\t<div class=\"elementor-element elementor-element-686c719 e-con-full e-flex e-con e-parent\" data-id=\"686c719\" data-element_type=\"container\" data-e-type=\"container\" data-settings=\"{&quot;background_background&quot;:&quot;classic&quot;}\">\n\t\t<div class=\"elementor-element elementor-element-a64dd78 e-con-full e-flex e-con e-child\" data-id=\"a64dd78\" data-element_type=\"container\" data-e-type=\"container\">\n\t\t\t\t<div class=\"elementor-element elementor-element-74eb966 elementor-invisible elementor-widget elementor-widget-heading\" data-id=\"74eb966\" data-element_type=\"widget\" data-e-type=\"widget\" data-settings=\"{&quot;_animation&quot;:&quot;fadeInUp&quot;}\" data-widget_type=\"heading.default\">\n\t\t\t\t\t<h1 class=\"elementor-heading-title elementor-size-default\"><i>  Mascotes<\/i><\/h1>\t\t\t\t<\/div>\n\t\t\t\t<\/div>\n\t\t\t\t<\/div>\n\t\t<main class=\"elementor-element elementor-element-b262449 e-flex e-con-boxed e-con e-parent\" data-id=\"b262449\" data-element_type=\"container\" data-e-type=\"container\">\n\t\t\t\t\t<div class=\"e-con-inner\">\n\t\t<div class=\"elementor-element elementor-element-30dde35 e-con-full e-flex e-con e-child\" data-id=\"30dde35\" data-element_type=\"container\" data-e-type=\"container\">\n\t\t\t\t<div class=\"elementor-element elementor-element-9b51635 elementor-widget elementor-widget-text-editor\" data-id=\"9b51635\" data-element_type=\"widget\" data-e-type=\"widget\" data-widget_type=\"text-editor.default\">\n\t\t\t\t\t\t\t\t\t<p>A l&#8217;HOTEL COMA, acceptem mascotes (gossos i gats) amb un suplement de 10,00 \u20ac\/mascota i per nit, i sota unes normes a complir per assegurar la bona conviv\u00e8ncia amb la resta dels clients allotjats a l&#8217;hotel:<\/p><p><b>ARRIBADA I ACC\u00c9S A L&#8217;HOTEL<br><\/b><br>A la vostra arribada a l&#8217;hotel, la mascota ha de romandre a l&#8217;exterior fins que es realitzi el registre i el lliurament de la clau.<br>Les mascotes han d&#8217;accedir a l&#8217;interior sempre pel garatge, que disposa d&#8217;un ascensor que puja directament a les habitacions.<\/p><p><b>ZONES RESTRINGIDES A LES MASCOTES<br><\/b><br>Les mascotes no poden accedir a les zones p\u00fabliques de l&#8217;hotel (recepci\u00f3, bar, restaurant\u2026) totes situades a la planta baixa d&#8217;aquest.<br>Les mascotes s\u00ed que poden accedir a la terrassa del restaurant i el bar, nom\u00e9s mentre estigueu menjant o prenent alguna cosa all\u00e0. En aquest cas, l&#8217;acc\u00e9s \u00e9s per les escales exteriors que donen directament a la terrassa, mai per l&#8217;interior del restaurant o bar. <\/p><p><b>ALTRES CONSIDERACIONS<br><\/b><br>Les mascotes no poden quedar-se, en cap cas, soles a l&#8217;habitaci\u00f3. \u00danicament a les hores d&#8217;esmorzar, dinar o sopar si realitzeu els \u00e0pats a l&#8217;hotel.<br>Si desitgeu una manta per a la vostra mascota, us agrairem que ens ho comuniqueu abans de la vostra arribada.<br>Si la vostra mascota causa qualsevol desperfecte a l&#8217;hotel, la responsabilitat \u00e9s dels clients allotjats amb la mascota. <\/p>\t\t\t\t\t\t\t\t<\/div>\n\t\t\t\t<\/div>\n\t\t\t\t\t<\/div>\n\t\t\t\t<\/main>\n\t\t\t\t<\/div>\n\t\t","protected":false},"excerpt":{"rendered":"<p>Mascotes A l&#8217;HOTEL COMA, acceptem mascotes (gossos i gats) amb un suplement de 10,00 \u20ac\/mascota i per nit, i sota unes normes a complir per assegurar la bona conviv\u00e8ncia amb la resta dels clients allotjats a l&#8217;hotel: ARRIBADA I ACC\u00c9S A L&#8217;HOTELA la vostra arribada a l&#8217;hotel, la mascota ha de romandre a l&#8217;exterior fins [&hellip;]<\/p>\n","protected":false},"author":1,"featured_media":0,"parent":0,"menu_order":0,"comment_status":"closed","ping_status":"closed","template":"elementor_header_footer","meta":{"footnotes":""},"class_list":["post-6488","page","type-page","status-publish","hentry"],"yoast_head":"<!-- This site is optimized with the Yoast SEO plugin v27.2 - https:\/\/yoast.com\/product\/yoast-seo-wordpress\/ -->\n<title>Mascotes - Hotel Coma<\/title>\n<meta name=\"robots\" content=\"noindex, follow, max-snippet:-1, max-image-preview:large, max-video-preview:-1\" \/>\n<meta property=\"og:locale\" content=\"ca_ES\" \/>\n<meta property=\"og:type\" content=\"article\" \/>\n<meta property=\"og:title\" content=\"Mascotes - Hotel Coma\" \/>\n<meta property=\"og:description\" content=\"Mascotes A l&#8217;HOTEL COMA, acceptem mascotes (gossos i gats) amb un suplement de 10,00 \u20ac\/mascota i per nit, i sota unes normes a complir per assegurar la bona conviv\u00e8ncia amb la resta dels clients allotjats a l&#8217;hotel: ARRIBADA I ACC\u00c9S A L&#8217;HOTELA la vostra arribada a l&#8217;hotel, la mascota ha de romandre a l&#8217;exterior fins [&hellip;]\" \/>\n<meta property=\"og:url\" content=\"https:\/\/hotelcoma.audiologygrowth.com\/ca\/mascotes\/\" \/>\n<meta property=\"og:site_name\" content=\"Hotel Coma\" \/>\n<meta property=\"article:modified_time\" content=\"2026-04-15T00:45:13+00:00\" \/>\n<meta name=\"twitter:card\" content=\"summary_large_image\" \/>\n<meta name=\"twitter:label1\" content=\"Temps estimat de lectura\" \/>\n\t<meta name=\"twitter:data1\" content=\"1 minut\" \/>\n<script type=\"application\/ld+json\" class=\"yoast-schema-graph\">{\"@context\":\"https:\/\/schema.org\",\"@graph\":[{\"@type\":\"WebPage\",\"@id\":\"https:\/\/hotelcoma.audiologygrowth.com\/ca\/mascotes\/\",\"url\":\"https:\/\/hotelcoma.audiologygrowth.com\/ca\/mascotes\/\",\"name\":\"Mascotes - Hotel Coma\",\"isPartOf\":{\"@id\":\"https:\/\/hotelcoma.audiologygrowth.com\/#website\"},\"datePublished\":\"2026-03-11T02:07:12+00:00\",\"dateModified\":\"2026-04-15T00:45:13+00:00\",\"breadcrumb\":{\"@id\":\"https:\/\/hotelcoma.audiologygrowth.com\/ca\/mascotes\/#breadcrumb\"},\"inLanguage\":\"ca\",\"potentialAction\":[{\"@type\":\"ReadAction\",\"target\":[\"https:\/\/hotelcoma.audiologygrowth.com\/ca\/mascotes\/\"]}]},{\"@type\":\"BreadcrumbList\",\"@id\":\"https:\/\/hotelcoma.audiologygrowth.com\/ca\/mascotes\/#breadcrumb\",\"itemListElement\":[{\"@type\":\"ListItem\",\"position\":1,\"name\":\"Inicio\",\"item\":\"https:\/\/hotelcoma.audiologygrowth.com\/ca\/inici\/\"},{\"@type\":\"ListItem\",\"position\":2,\"name\":\"Mascotes\"}]},{\"@type\":\"WebSite\",\"@id\":\"https:\/\/hotelcoma.audiologygrowth.com\/#website\",\"url\":\"https:\/\/hotelcoma.audiologygrowth.com\/\",\"name\":\"Hotel Coma\",\"description\":\"\",\"publisher\":{\"@id\":\"https:\/\/hotelcoma.audiologygrowth.com\/#organization\"},\"potentialAction\":[{\"@type\":\"SearchAction\",\"target\":{\"@type\":\"EntryPoint\",\"urlTemplate\":\"https:\/\/hotelcoma.audiologygrowth.com\/?s={search_term_string}\"},\"query-input\":{\"@type\":\"PropertyValueSpecification\",\"valueRequired\":true,\"valueName\":\"search_term_string\"}}],\"inLanguage\":\"ca\"},{\"@type\":\"Organization\",\"@id\":\"https:\/\/hotelcoma.audiologygrowth.com\/#organization\",\"name\":\"Hotel Coma\",\"url\":\"https:\/\/hotelcoma.audiologygrowth.com\/\",\"logo\":{\"@type\":\"ImageObject\",\"inLanguage\":\"ca\",\"@id\":\"https:\/\/hotelcoma.audiologygrowth.com\/#\/schema\/logo\/image\/\",\"url\":\"https:\/\/hotelcoma.audiologygrowth.com\/wp-content\/uploads\/2025\/11\/Group-22.svg\",\"contentUrl\":\"https:\/\/hotelcoma.audiologygrowth.com\/wp-content\/uploads\/2025\/11\/Group-22.svg\",\"width\":229,\"height\":79,\"caption\":\"Hotel Coma\"},\"image\":{\"@id\":\"https:\/\/hotelcoma.audiologygrowth.com\/#\/schema\/logo\/image\/\"}}]}<\/script>\n<!-- \/ Yoast SEO plugin. -->","yoast_head_json":{"title":"Mascotes - Hotel Coma","robots":{"index":"noindex","follow":"follow","max-snippet":"max-snippet:-1","max-image-preview":"max-image-preview:large","max-video-preview":"max-video-preview:-1"},"og_locale":"ca_ES","og_type":"article","og_title":"Mascotes - Hotel Coma","og_description":"Mascotes A l&#8217;HOTEL COMA, acceptem mascotes (gossos i gats) amb un suplement de 10,00 \u20ac\/mascota i per nit, i sota unes normes a complir per assegurar la bona conviv\u00e8ncia amb la resta dels clients allotjats a l&#8217;hotel: ARRIBADA I ACC\u00c9S A L&#8217;HOTELA la vostra arribada a l&#8217;hotel, la mascota ha de romandre a l&#8217;exterior fins [&hellip;]","og_url":"https:\/\/hotelcoma.audiologygrowth.com\/ca\/mascotes\/","og_site_name":"Hotel Coma","article_modified_time":"2026-04-15T00:45:13+00:00","twitter_card":"summary_large_image","twitter_misc":{"Temps estimat de lectura":"1 minut"},"schema":{"@context":"https:\/\/schema.org","@graph":[{"@type":"WebPage","@id":"https:\/\/hotelcoma.audiologygrowth.com\/ca\/mascotes\/","url":"https:\/\/hotelcoma.audiologygrowth.com\/ca\/mascotes\/","name":"Mascotes - Hotel Coma","isPartOf":{"@id":"https:\/\/hotelcoma.audiologygrowth.com\/#website"},"datePublished":"2026-03-11T02:07:12+00:00","dateModified":"2026-04-15T00:45:13+00:00","breadcrumb":{"@id":"https:\/\/hotelcoma.audiologygrowth.com\/ca\/mascotes\/#breadcrumb"},"inLanguage":"ca","potentialAction":[{"@type":"ReadAction","target":["https:\/\/hotelcoma.audiologygrowth.com\/ca\/mascotes\/"]}]},{"@type":"BreadcrumbList","@id":"https:\/\/hotelcoma.audiologygrowth.com\/ca\/mascotes\/#breadcrumb","itemListElement":[{"@type":"ListItem","position":1,"name":"Inicio","item":"https:\/\/hotelcoma.audiologygrowth.com\/ca\/inici\/"},{"@type":"ListItem","position":2,"name":"Mascotes"}]},{"@type":"WebSite","@id":"https:\/\/hotelcoma.audiologygrowth.com\/#website","url":"https:\/\/hotelcoma.audiologygrowth.com\/","name":"Hotel Coma","description":"","publisher":{"@id":"https:\/\/hotelcoma.audiologygrowth.com\/#organization"},"potentialAction":[{"@type":"SearchAction","target":{"@type":"EntryPoint","urlTemplate":"https:\/\/hotelcoma.audiologygrowth.com\/?s={search_term_string}"},"query-input":{"@type":"PropertyValueSpecification","valueRequired":true,"valueName":"search_term_string"}}],"inLanguage":"ca"},{"@type":"Organization","@id":"https:\/\/hotelcoma.audiologygrowth.com\/#organization","name":"Hotel Coma","url":"https:\/\/hotelcoma.audiologygrowth.com\/","logo":{"@type":"ImageObject","inLanguage":"ca","@id":"https:\/\/hotelcoma.audiologygrowth.com\/#\/schema\/logo\/image\/","url":"https:\/\/hotelcoma.audiologygrowth.com\/wp-content\/uploads\/2025\/11\/Group-22.svg","contentUrl":"https:\/\/hotelcoma.audiologygrowth.com\/wp-content\/uploads\/2025\/11\/Group-22.svg","width":229,"height":79,"caption":"Hotel Coma"},"image":{"@id":"https:\/\/hotelcoma.audiologygrowth.com\/#\/schema\/logo\/image\/"}}]}},"_links":{"self":[{"href":"https:\/\/hotelcoma.audiologygrowth.com\/ca\/wp-json\/wp\/v2\/pages\/6488","targetHints":{"allow":["GET"]}}],"collection":[{"href":"https:\/\/hotelcoma.audiologygrowth.com\/ca\/wp-json\/wp\/v2\/pages"}],"about":[{"href":"https:\/\/hotelcoma.audiologygrowth.com\/ca\/wp-json\/wp\/v2\/types\/page"}],"author":[{"embeddable":true,"href":"https:\/\/hotelcoma.audiologygrowth.com\/ca\/wp-json\/wp\/v2\/users\/1"}],"replies":[{"embeddable":true,"href":"https:\/\/hotelcoma.audiologygrowth.com\/ca\/wp-json\/wp\/v2\/comments?post=6488"}],"version-history":[{"count":1,"href":"https:\/\/hotelcoma.audiologygrowth.com\/ca\/wp-json\/wp\/v2\/pages\/6488\/revisions"}],"predecessor-version":[{"id":6489,"href":"https:\/\/hotelcoma.audiologygrowth.com\/ca\/wp-json\/wp\/v2\/pages\/6488\/revisions\/6489"}],"wp:attachment":[{"href":"https:\/\/hotelcoma.audiologygrowth.com\/ca\/wp-json\/wp\/v2\/media?parent=6488"}],"curies":[{"name":"wp","href":"https:\/\/api.w.org\/{rel}","templated":true}]}}