{"id":6566,"date":"2026-02-26T01:23:19","date_gmt":"2026-02-26T01:23:19","guid":{"rendered":"https:\/\/hotelcoma.audiologygrowth.com\/regala-hotel-coma\/"},"modified":"2026-04-15T00:48:26","modified_gmt":"2026-04-15T00:48:26","slug":"regala-hotel-coma","status":"publish","type":"page","link":"https:\/\/hotelcoma.audiologygrowth.com\/ca\/regala-hotel-coma\/","title":{"rendered":"Regala Hotel Coma"},"content":{"rendered":"\t\t<div data-elementor-type=\"wp-page\" data-elementor-id=\"6566\" class=\"elementor elementor-6566 elementor-5438\" data-elementor-post-type=\"page\">\n\t\t\t\t<div class=\"elementor-element elementor-element-41df51a e-con-full e-flex e-con e-parent\" data-id=\"41df51a\" data-element_type=\"container\" data-e-type=\"container\" data-settings=\"{&quot;background_background&quot;:&quot;classic&quot;}\">\n\t\t<div class=\"elementor-element elementor-element-911fe29 e-flex e-con-boxed e-con e-child\" data-id=\"911fe29\" data-element_type=\"container\" data-e-type=\"container\" data-settings=\"{&quot;background_background&quot;:&quot;classic&quot;}\">\n\t\t\t\t\t<div class=\"e-con-inner\">\n\t\t\t\t<div class=\"elementor-element elementor-element-7c3d799 elementor-invisible elementor-widget elementor-widget-heading\" data-id=\"7c3d799\" data-element_type=\"widget\" data-e-type=\"widget\" data-settings=\"{&quot;_animation&quot;:&quot;fadeInUp&quot;}\" data-widget_type=\"heading.default\">\n\t\t\t\t\t<h1 class=\"elementor-heading-title elementor-size-default\">Regala Hotel Coma<\/h1>\t\t\t\t<\/div>\n\t\t\t\t\t<\/div>\n\t\t\t\t<\/div>\n\t\t\t\t<\/div>\n\t\t<div class=\"elementor-element elementor-element-ef91dd2 e-con-full e-flex e-con e-parent\" data-id=\"ef91dd2\" data-element_type=\"container\" data-e-type=\"container\">\n\t\t<div class=\"elementor-element elementor-element-532122d e-con-full e-flex e-con e-child\" data-id=\"532122d\" data-element_type=\"container\" data-e-type=\"container\">\n\t\t<div class=\"elementor-element elementor-element-e76b7b2 e-con-full e-flex e-con e-child\" data-id=\"e76b7b2\" data-element_type=\"container\" data-e-type=\"container\">\n\t\t\t\t<div class=\"elementor-element elementor-element-73b31cb elementor-widget elementor-widget-heading\" data-id=\"73b31cb\" data-element_type=\"widget\" data-e-type=\"widget\" data-widget_type=\"heading.default\">\n\t\t\t\t\t<h2 class=\"elementor-heading-title elementor-size-default\">Com funciona? <\/h2>\t\t\t\t<\/div>\n\t\t\t\t<div class=\"elementor-element elementor-element-c7cb137 elementor-widget__width-initial elementor-widget elementor-widget-text-editor\" data-id=\"c7cb137\" data-element_type=\"widget\" data-e-type=\"widget\" data-widget_type=\"text-editor.default\">\n\t\t\t\t\t\t\t\t\t<p>Per sol\u00b7licitar el vostre val regal, haureu de completar el seg\u00fcent formulari. Podreu regalar una estada, una estada amb men\u00fa, experi\u00e8ncia gastron\u00f2mica a Cal Ventura, o un import obert.  <\/p><p>La recepci\u00f3 de l&#8217;Hotel es posar\u00e0 en contacte amb vosaltres per confirmar els detalls, indicar-vos com formalitzar el pagament i, un cop realitzat, enviar-vos el val regal.<\/p>\t\t\t\t\t\t\t\t<\/div>\n\t\t\t\t<\/div>\n\t\t\t\t<\/div>\n\t\t<div class=\"elementor-element elementor-element-89d7ddd e-con-full e-flex e-con e-child\" data-id=\"89d7ddd\" data-element_type=\"container\" data-e-type=\"container\">\n\t\t\t\t<div class=\"elementor-element elementor-element-b2e330e elementor-widget elementor-widget-image\" data-id=\"b2e330e\" data-element_type=\"widget\" data-e-type=\"widget\" data-widget_type=\"image.default\">\n\t\t\t\t\t\t\t\t\t\t\t\t\t\t\t<img fetchpriority=\"high\" decoding=\"async\" width=\"1748\" height=\"1240\" src=\"https:\/\/hotelcoma.audiologygrowth.com\/wp-content\/uploads\/2026\/03\/mockup-vale-regalo.png\" class=\"attachment-full size-full wp-image-6564\" alt=\"\" srcset=\"https:\/\/hotelcoma.audiologygrowth.com\/wp-content\/uploads\/2026\/03\/mockup-vale-regalo.png 1748w, https:\/\/hotelcoma.audiologygrowth.com\/wp-content\/uploads\/2026\/03\/mockup-vale-regalo-300x213.png 300w, https:\/\/hotelcoma.audiologygrowth.com\/wp-content\/uploads\/2026\/03\/mockup-vale-regalo-1024x726.png 1024w, https:\/\/hotelcoma.audiologygrowth.com\/wp-content\/uploads\/2026\/03\/mockup-vale-regalo-768x545.png 768w, https:\/\/hotelcoma.audiologygrowth.com\/wp-content\/uploads\/2026\/03\/mockup-vale-regalo-1536x1090.png 1536w\" sizes=\"(max-width: 1748px) 100vw, 1748px\" \/>\t\t\t\t\t\t\t\t\t\t\t\t\t\t\t<\/div>\n\t\t\t\t<\/div>\n\t\t\t\t<\/div>\n\t\t<div class=\"elementor-element elementor-element-f1cb676 e-flex e-con-boxed e-con e-parent\" data-id=\"f1cb676\" data-element_type=\"container\" data-e-type=\"container\" data-settings=\"{&quot;background_background&quot;:&quot;classic&quot;}\">\n\t\t\t\t\t<div class=\"e-con-inner\">\n\t\t\t\t<div class=\"elementor-element elementor-element-7f6bb31 elementor-widget__width-initial elementor-widget-mobile__width-inherit elementor-button-align-stretch elementor-widget elementor-widget-form\" data-id=\"7f6bb31\" data-element_type=\"widget\" data-e-type=\"widget\" data-settings=\"{&quot;step_next_label&quot;:&quot;Seg\\u00fcent&quot;,&quot;step_previous_label&quot;:&quot;Anterior&quot;,&quot;button_width&quot;:&quot;30&quot;,&quot;step_type&quot;:&quot;number_text&quot;,&quot;step_icon_shape&quot;:&quot;circle&quot;}\" data-widget_type=\"form.default\">\n\t\t\t\t\t<template id=\"cfef_logic_data_7f6bb31\" class=\"cfef_logic_data_js\" data-form-id=\"7f6bb31\">{&quot;field_555b66d&quot;:{&quot;display_mode&quot;:&quot;show&quot;,&quot;fire_action&quot;:&quot;All&quot;,&quot;file_types&quot;:&quot;png&quot;,&quot;logic_data&quot;:[{&quot;cfef_logic_field_id&quot;:&quot;field_d8ef145&quot;,&quot;cfef_logic_field_is&quot;:&quot;==&quot;,&quot;cfef_logic_compare_value&quot;:&quot;Importe abierto&quot;,&quot;_id&quot;:&quot;14c5563&quot;}]}}<\/template>\t\t<form class=\"elementor-form\" method=\"post\" name=\"Formulari esdeveniments\" aria-label=\"Formulari esdeveniments\">\n\t\t\t<input type=\"hidden\" name=\"post_id\" value=\"6566\"\/>\n\t\t\t<input type=\"hidden\" name=\"form_id\" value=\"7f6bb31\"\/>\n\t\t\t<input type=\"hidden\" name=\"referer_title\" value=\"Regala Hotel Coma - Hotel Coma\" \/>\n\n\t\t\t\t\t\t\t<input type=\"hidden\" name=\"queried_id\" value=\"6566\"\/>\n\t\t\t\n\t\t\t<div class=\"elementor-form-fields-wrapper elementor-labels-above\">\n\t\t\t\t\t\t\t\t<div class=\"elementor-field-type-text elementor-field-group elementor-column elementor-field-group-name elementor-col-50\">\n\t\t\t\t\t\t\t\t\t\t\t\t<label for=\"form-field-name\" class=\"elementor-field-label\">\n\t\t\t\t\t\t\t\tNom\t\t\t\t\t\t\t<\/label>\n\t\t\t\t\t\t\t\t\t\t\t\t\t\t<input size=\"1\" type=\"text\" name=\"form_fields[name]\" id=\"form-field-name\" class=\"elementor-field elementor-size-sm  elementor-field-textual\">\n\t\t\t\t\t\t\t\t\t\t\t<\/div>\n\t\t\t\t\t\t\t\t<div class=\"elementor-field-type-text elementor-field-group elementor-column elementor-field-group-field_3d0add0 elementor-col-50\">\n\t\t\t\t\t\t\t\t\t\t\t\t<label for=\"form-field-field_3d0add0\" class=\"elementor-field-label\">\n\t\t\t\t\t\t\t\tCognom\t\t\t\t\t\t\t<\/label>\n\t\t\t\t\t\t\t\t\t\t\t\t\t\t<input size=\"1\" type=\"text\" name=\"form_fields[field_3d0add0]\" id=\"form-field-field_3d0add0\" class=\"elementor-field elementor-size-sm  elementor-field-textual\">\n\t\t\t\t\t\t\t\t\t\t\t<\/div>\n\t\t\t\t\t\t\t\t<div class=\"elementor-field-type-email elementor-field-group elementor-column elementor-field-group-email elementor-col-100 elementor-field-required\">\n\t\t\t\t\t\t\t\t\t\t\t\t<label for=\"form-field-email\" class=\"elementor-field-label\">\n\t\t\t\t\t\t\t\tCorreu electr\u00f2nic\t\t\t\t\t\t\t<\/label>\n\t\t\t\t\t\t\t\t\t\t\t\t\t\t<input size=\"1\" type=\"email\" name=\"form_fields[email]\" id=\"form-field-email\" class=\"elementor-field elementor-size-sm  elementor-field-textual\" required=\"required\">\n\t\t\t\t\t\t\t\t\t\t\t<\/div>\n\t\t\t\t\t\t\t\t<div class=\"elementor-field-type-tel elementor-field-group elementor-column elementor-field-group-field_7578773 elementor-col-50 elementor-field-required\">\n\t\t\t\t\t\t\t\t\t\t\t\t<label for=\"form-field-field_7578773\" class=\"elementor-field-label\">\n\t\t\t\t\t\t\t\tNom de la persona que rebr\u00e0 el regal\t\t\t\t\t\t\t<\/label>\n\t\t\t\t\t\t\t\t<input size=\"1\" type=\"tel\" name=\"form_fields[field_7578773]\" id=\"form-field-field_7578773\" class=\"elementor-field elementor-size-sm  elementor-field-textual\" required=\"required\" pattern=\"[0-9()#&amp;+*-=.]+\" title=\"Only numbers and phone characters (#, -, *, etc) are accepted.\">\n\n\t\t\t\t\t\t<\/div>\n\t\t\t\t\t\t\t\t<div class=\"elementor-field-type-select elementor-field-group elementor-column elementor-field-group-field_d8ef145 elementor-col-50 elementor-field-required\">\n\t\t\t\t\t\t\t\t\t\t\t\t<label for=\"form-field-field_d8ef145\" class=\"elementor-field-label\">\n\t\t\t\t\t\t\t\tTrieu l'opci\u00f3 de regal\t\t\t\t\t\t\t<\/label>\n\t\t\t\t\t\t\t\t<div class=\"elementor-field elementor-select-wrapper remove-before \">\n\t\t\t<div class=\"select-caret-down-wrapper\">\n\t\t\t\t<svg aria-hidden=\"true\" class=\"e-font-icon-svg e-eicon-caret-down\" viewBox=\"0 0 571.4 571.4\" xmlns=\"http:\/\/www.w3.org\/2000\/svg\"><path d=\"M571 393Q571 407 561 418L311 668Q300 679 286 679T261 668L11 418Q0 407 0 393T11 368 36 357H536Q550 357 561 368T571 393Z\"><\/path><\/svg>\t\t\t<\/div>\n\t\t\t<select name=\"form_fields[field_d8ef145]\" id=\"form-field-field_d8ef145\" class=\"elementor-field-textual elementor-size-sm\" required=\"required\">\n\t\t\t\t\t\t\t\t\t<option value=\"Regalar estada\">Regalar estada<\/option>\n\t\t\t\t\t\t\t\t\t<option value=\"Regalar estada + Men\u00fa temporada\">Regalar estada + Men\u00fa temporada<\/option>\n\t\t\t\t\t\t\t\t\t<option value=\"Experi\u00e8ncia gastron\u00f2mica Cal Ventura\">Experi\u00e8ncia gastron\u00f2mica Cal Ventura<\/option>\n\t\t\t\t\t\t\t\t\t<option value=\"Import obert\">Import obert<\/option>\n\t\t\t\t\t\t\t<\/select>\n\t\t<\/div>\n\t\t\t\t\t\t<\/div>\n\t\t\t\t\t\t\t\t<div class=\"elementor-field-type-number elementor-field-group elementor-column elementor-field-group-field_555b66d elementor-col-100\">\n\t\t\t\t\t\t\t\t\t\t\t\t<label for=\"form-field-field_555b66d\" class=\"elementor-field-label\">\n\t\t\t\t\t\t\t\tQuantitat \t\t\t\t\t\t\t<\/label>\n\t\t\t\t\t\t\t\t\t<input type=\"number\" name=\"form_fields[field_555b66d]\" id=\"form-field-field_555b66d\" class=\"elementor-field elementor-size-sm  elementor-field-textual\" placeholder=\"Escriviu l&#039;import que voleu regalar\" min=\"\" max=\"\" >\n\t\t\t\t\t\t<\/div>\n\t\t\t\t\t\t\t\t<div class=\"elementor-field-type-textarea elementor-field-group elementor-column elementor-field-group-field_eabef7c elementor-col-100 elementor-field-required\">\n\t\t\t\t\t\t\t\t\t\t\t\t<label for=\"form-field-field_eabef7c\" class=\"elementor-field-label\">\n\t\t\t\t\t\t\t\tComentaris\t\t\t\t\t\t\t<\/label>\n\t\t\t\t\t\t<textarea class=\"elementor-field-textual elementor-field  elementor-size-sm\" name=\"form_fields[field_eabef7c]\" id=\"form-field-field_eabef7c\" rows=\"4\" required=\"required\"><\/textarea>\t\t\t\t<\/div>\n\t\t\t\t\t\t\t\t<div class=\"elementor-field-type-recaptcha_v3 elementor-field-group elementor-column elementor-field-group-field_695477a elementor-col-100 recaptcha_v3-bottomleft\">\n\t\t\t\t\t<div class=\"elementor-field\" id=\"form-field-field_695477a\"><\/div>\t\t\t\t<\/div>\n\t\t\t\t\t\t\t\t<div class=\"elementor-field-group elementor-column elementor-field-type-submit elementor-col-30 e-form__buttons\">\n\t\t\t\t\t<button class=\"elementor-button elementor-size-sm\" type=\"submit\">\n\t\t\t\t\t\t<span class=\"elementor-button-content-wrapper\">\n\t\t\t\t\t\t\t\t\t\t\t\t\t\t\t\t\t\t\t\t\t\t<span class=\"elementor-button-text\">Enviar<\/span>\n\t\t\t\t\t\t\t\t\t\t\t\t\t<\/span>\n\t\t\t\t\t<\/button>\n\t\t\t\t<\/div>\n\t\t\t<\/div>\n\t\t<\/form>\n\t\t\t\t\t\t<\/div>\n\t\t\t\t\t<\/div>\n\t\t\t\t<\/div>\n\t\t\t\t<\/div>\n\t\t","protected":false},"excerpt":{"rendered":"<p>Regala Hotel Coma Com funciona? Per sol\u00b7licitar el vostre val regal, haureu de completar el seg\u00fcent formulari. Podreu regalar una estada, una estada amb men\u00fa, experi\u00e8ncia gastron\u00f2mica a Cal Ventura, o un import obert. La recepci\u00f3 de l&#8217;Hotel es posar\u00e0 en contacte amb vosaltres per confirmar els detalls, indicar-vos com formalitzar el pagament i, un [&hellip;]<\/p>\n","protected":false},"author":1,"featured_media":0,"parent":0,"menu_order":0,"comment_status":"closed","ping_status":"closed","template":"elementor_header_footer","meta":{"footnotes":""},"class_list":["post-6566","page","type-page","status-publish","hentry"],"yoast_head":"<!-- This site is optimized with the Yoast SEO plugin v27.2 - https:\/\/yoast.com\/product\/yoast-seo-wordpress\/ -->\n<title>Regala Hotel Coma - Hotel Coma<\/title>\n<meta name=\"robots\" content=\"noindex, follow, max-snippet:-1, max-image-preview:large, max-video-preview:-1\" \/>\n<meta property=\"og:locale\" content=\"ca_ES\" \/>\n<meta property=\"og:type\" content=\"article\" \/>\n<meta property=\"og:title\" content=\"Regala Hotel Coma - Hotel Coma\" \/>\n<meta property=\"og:description\" content=\"Regala Hotel Coma Com funciona? Per sol\u00b7licitar el vostre val regal, haureu de completar el seg\u00fcent formulari. Podreu regalar una estada, una estada amb men\u00fa, experi\u00e8ncia gastron\u00f2mica a Cal Ventura, o un import obert. La recepci\u00f3 de l&#8217;Hotel es posar\u00e0 en contacte amb vosaltres per confirmar els detalls, indicar-vos com formalitzar el pagament i, un [&hellip;]\" \/>\n<meta property=\"og:url\" content=\"https:\/\/hotelcoma.audiologygrowth.com\/ca\/regala-hotel-coma\/\" \/>\n<meta property=\"og:site_name\" content=\"Hotel Coma\" \/>\n<meta property=\"article:modified_time\" content=\"2026-04-15T00:48:26+00:00\" \/>\n<meta property=\"og:image\" content=\"https:\/\/hotelcoma.audiologygrowth.com\/wp-content\/uploads\/2026\/03\/mockup-vale-regalo-1024x726.png\" \/>\n\t<meta property=\"og:image:width\" content=\"1024\" \/>\n\t<meta property=\"og:image:height\" content=\"726\" \/>\n\t<meta property=\"og:image:type\" content=\"image\/png\" \/>\n<meta name=\"twitter:card\" content=\"summary_large_image\" \/>\n<script type=\"application\/ld+json\" class=\"yoast-schema-graph\">{\"@context\":\"https:\/\/schema.org\",\"@graph\":[{\"@type\":\"WebPage\",\"@id\":\"https:\/\/hotelcoma.audiologygrowth.com\/ca\/regala-hotel-coma\/\",\"url\":\"https:\/\/hotelcoma.audiologygrowth.com\/ca\/regala-hotel-coma\/\",\"name\":\"Regala Hotel Coma - Hotel Coma\",\"isPartOf\":{\"@id\":\"https:\/\/hotelcoma.audiologygrowth.com\/#website\"},\"primaryImageOfPage\":{\"@id\":\"https:\/\/hotelcoma.audiologygrowth.com\/ca\/regala-hotel-coma\/#primaryimage\"},\"image\":{\"@id\":\"https:\/\/hotelcoma.audiologygrowth.com\/ca\/regala-hotel-coma\/#primaryimage\"},\"thumbnailUrl\":\"https:\/\/hotelcoma.audiologygrowth.com\/wp-content\/uploads\/2026\/03\/mockup-vale-regalo.png\",\"datePublished\":\"2026-02-26T01:23:19+00:00\",\"dateModified\":\"2026-04-15T00:48:26+00:00\",\"breadcrumb\":{\"@id\":\"https:\/\/hotelcoma.audiologygrowth.com\/ca\/regala-hotel-coma\/#breadcrumb\"},\"inLanguage\":\"ca\",\"potentialAction\":[{\"@type\":\"ReadAction\",\"target\":[\"https:\/\/hotelcoma.audiologygrowth.com\/ca\/regala-hotel-coma\/\"]}]},{\"@type\":\"ImageObject\",\"inLanguage\":\"ca\",\"@id\":\"https:\/\/hotelcoma.audiologygrowth.com\/ca\/regala-hotel-coma\/#primaryimage\",\"url\":\"https:\/\/hotelcoma.audiologygrowth.com\/wp-content\/uploads\/2026\/03\/mockup-vale-regalo.png\",\"contentUrl\":\"https:\/\/hotelcoma.audiologygrowth.com\/wp-content\/uploads\/2026\/03\/mockup-vale-regalo.png\"},{\"@type\":\"BreadcrumbList\",\"@id\":\"https:\/\/hotelcoma.audiologygrowth.com\/ca\/regala-hotel-coma\/#breadcrumb\",\"itemListElement\":[{\"@type\":\"ListItem\",\"position\":1,\"name\":\"Inicio\",\"item\":\"https:\/\/hotelcoma.audiologygrowth.com\/ca\/inici\/\"},{\"@type\":\"ListItem\",\"position\":2,\"name\":\"Regala Hotel Coma\"}]},{\"@type\":\"WebSite\",\"@id\":\"https:\/\/hotelcoma.audiologygrowth.com\/#website\",\"url\":\"https:\/\/hotelcoma.audiologygrowth.com\/\",\"name\":\"Hotel Coma\",\"description\":\"\",\"publisher\":{\"@id\":\"https:\/\/hotelcoma.audiologygrowth.com\/#organization\"},\"potentialAction\":[{\"@type\":\"SearchAction\",\"target\":{\"@type\":\"EntryPoint\",\"urlTemplate\":\"https:\/\/hotelcoma.audiologygrowth.com\/?s={search_term_string}\"},\"query-input\":{\"@type\":\"PropertyValueSpecification\",\"valueRequired\":true,\"valueName\":\"search_term_string\"}}],\"inLanguage\":\"ca\"},{\"@type\":\"Organization\",\"@id\":\"https:\/\/hotelcoma.audiologygrowth.com\/#organization\",\"name\":\"Hotel Coma\",\"url\":\"https:\/\/hotelcoma.audiologygrowth.com\/\",\"logo\":{\"@type\":\"ImageObject\",\"inLanguage\":\"ca\",\"@id\":\"https:\/\/hotelcoma.audiologygrowth.com\/#\/schema\/logo\/image\/\",\"url\":\"https:\/\/hotelcoma.audiologygrowth.com\/wp-content\/uploads\/2025\/11\/Group-22.svg\",\"contentUrl\":\"https:\/\/hotelcoma.audiologygrowth.com\/wp-content\/uploads\/2025\/11\/Group-22.svg\",\"width\":229,\"height\":79,\"caption\":\"Hotel Coma\"},\"image\":{\"@id\":\"https:\/\/hotelcoma.audiologygrowth.com\/#\/schema\/logo\/image\/\"}}]}<\/script>\n<!-- \/ Yoast SEO plugin. -->","yoast_head_json":{"title":"Regala Hotel Coma - Hotel Coma","robots":{"index":"noindex","follow":"follow","max-snippet":"max-snippet:-1","max-image-preview":"max-image-preview:large","max-video-preview":"max-video-preview:-1"},"og_locale":"ca_ES","og_type":"article","og_title":"Regala Hotel Coma - Hotel Coma","og_description":"Regala Hotel Coma Com funciona? Per sol\u00b7licitar el vostre val regal, haureu de completar el seg\u00fcent formulari. Podreu regalar una estada, una estada amb men\u00fa, experi\u00e8ncia gastron\u00f2mica a Cal Ventura, o un import obert. La recepci\u00f3 de l&#8217;Hotel es posar\u00e0 en contacte amb vosaltres per confirmar els detalls, indicar-vos com formalitzar el pagament i, un [&hellip;]","og_url":"https:\/\/hotelcoma.audiologygrowth.com\/ca\/regala-hotel-coma\/","og_site_name":"Hotel Coma","article_modified_time":"2026-04-15T00:48:26+00:00","og_image":[{"width":1024,"height":726,"url":"https:\/\/hotelcoma.audiologygrowth.com\/wp-content\/uploads\/2026\/03\/mockup-vale-regalo-1024x726.png","type":"image\/png"}],"twitter_card":"summary_large_image","schema":{"@context":"https:\/\/schema.org","@graph":[{"@type":"WebPage","@id":"https:\/\/hotelcoma.audiologygrowth.com\/ca\/regala-hotel-coma\/","url":"https:\/\/hotelcoma.audiologygrowth.com\/ca\/regala-hotel-coma\/","name":"Regala Hotel Coma - Hotel Coma","isPartOf":{"@id":"https:\/\/hotelcoma.audiologygrowth.com\/#website"},"primaryImageOfPage":{"@id":"https:\/\/hotelcoma.audiologygrowth.com\/ca\/regala-hotel-coma\/#primaryimage"},"image":{"@id":"https:\/\/hotelcoma.audiologygrowth.com\/ca\/regala-hotel-coma\/#primaryimage"},"thumbnailUrl":"https:\/\/hotelcoma.audiologygrowth.com\/wp-content\/uploads\/2026\/03\/mockup-vale-regalo.png","datePublished":"2026-02-26T01:23:19+00:00","dateModified":"2026-04-15T00:48:26+00:00","breadcrumb":{"@id":"https:\/\/hotelcoma.audiologygrowth.com\/ca\/regala-hotel-coma\/#breadcrumb"},"inLanguage":"ca","potentialAction":[{"@type":"ReadAction","target":["https:\/\/hotelcoma.audiologygrowth.com\/ca\/regala-hotel-coma\/"]}]},{"@type":"ImageObject","inLanguage":"ca","@id":"https:\/\/hotelcoma.audiologygrowth.com\/ca\/regala-hotel-coma\/#primaryimage","url":"https:\/\/hotelcoma.audiologygrowth.com\/wp-content\/uploads\/2026\/03\/mockup-vale-regalo.png","contentUrl":"https:\/\/hotelcoma.audiologygrowth.com\/wp-content\/uploads\/2026\/03\/mockup-vale-regalo.png"},{"@type":"BreadcrumbList","@id":"https:\/\/hotelcoma.audiologygrowth.com\/ca\/regala-hotel-coma\/#breadcrumb","itemListElement":[{"@type":"ListItem","position":1,"name":"Inicio","item":"https:\/\/hotelcoma.audiologygrowth.com\/ca\/inici\/"},{"@type":"ListItem","position":2,"name":"Regala Hotel Coma"}]},{"@type":"WebSite","@id":"https:\/\/hotelcoma.audiologygrowth.com\/#website","url":"https:\/\/hotelcoma.audiologygrowth.com\/","name":"Hotel Coma","description":"","publisher":{"@id":"https:\/\/hotelcoma.audiologygrowth.com\/#organization"},"potentialAction":[{"@type":"SearchAction","target":{"@type":"EntryPoint","urlTemplate":"https:\/\/hotelcoma.audiologygrowth.com\/?s={search_term_string}"},"query-input":{"@type":"PropertyValueSpecification","valueRequired":true,"valueName":"search_term_string"}}],"inLanguage":"ca"},{"@type":"Organization","@id":"https:\/\/hotelcoma.audiologygrowth.com\/#organization","name":"Hotel Coma","url":"https:\/\/hotelcoma.audiologygrowth.com\/","logo":{"@type":"ImageObject","inLanguage":"ca","@id":"https:\/\/hotelcoma.audiologygrowth.com\/#\/schema\/logo\/image\/","url":"https:\/\/hotelcoma.audiologygrowth.com\/wp-content\/uploads\/2025\/11\/Group-22.svg","contentUrl":"https:\/\/hotelcoma.audiologygrowth.com\/wp-content\/uploads\/2025\/11\/Group-22.svg","width":229,"height":79,"caption":"Hotel Coma"},"image":{"@id":"https:\/\/hotelcoma.audiologygrowth.com\/#\/schema\/logo\/image\/"}}]}},"_links":{"self":[{"href":"https:\/\/hotelcoma.audiologygrowth.com\/ca\/wp-json\/wp\/v2\/pages\/6566","targetHints":{"allow":["GET"]}}],"collection":[{"href":"https:\/\/hotelcoma.audiologygrowth.com\/ca\/wp-json\/wp\/v2\/pages"}],"about":[{"href":"https:\/\/hotelcoma.audiologygrowth.com\/ca\/wp-json\/wp\/v2\/types\/page"}],"author":[{"embeddable":true,"href":"https:\/\/hotelcoma.audiologygrowth.com\/ca\/wp-json\/wp\/v2\/users\/1"}],"replies":[{"embeddable":true,"href":"https:\/\/hotelcoma.audiologygrowth.com\/ca\/wp-json\/wp\/v2\/comments?post=6566"}],"version-history":[{"count":1,"href":"https:\/\/hotelcoma.audiologygrowth.com\/ca\/wp-json\/wp\/v2\/pages\/6566\/revisions"}],"predecessor-version":[{"id":6568,"href":"https:\/\/hotelcoma.audiologygrowth.com\/ca\/wp-json\/wp\/v2\/pages\/6566\/revisions\/6568"}],"wp:attachment":[{"href":"https:\/\/hotelcoma.audiologygrowth.com\/ca\/wp-json\/wp\/v2\/media?parent=6566"}],"curies":[{"name":"wp","href":"https:\/\/api.w.org\/{rel}","templated":true}]}}