{"id":6583,"date":"2026-01-24T14:55:06","date_gmt":"2026-01-24T14:55:06","guid":{"rendered":"https:\/\/hotelcoma.audiologygrowth.com\/politica-de-galetes\/"},"modified":"2026-04-15T00:51:17","modified_gmt":"2026-04-15T00:51:17","slug":"politica-de-galetes","status":"publish","type":"page","link":"https:\/\/hotelcoma.audiologygrowth.com\/ca\/politica-de-galetes\/","title":{"rendered":"Pol\u00edtica de galetes"},"content":{"rendered":"\t\t<div data-elementor-type=\"wp-page\" data-elementor-id=\"6583\" class=\"elementor elementor-6583 elementor-4962\" data-elementor-post-type=\"page\">\n\t\t\t\t<div class=\"elementor-element elementor-element-5c473f31 e-flex e-con-boxed e-con e-parent\" data-id=\"5c473f31\" data-element_type=\"container\" data-e-type=\"container\">\n\t\t\t\t\t<div class=\"e-con-inner\">\n\t\t\t\t<div class=\"elementor-element elementor-element-296fecc0 elementor-widget elementor-widget-text-editor\" data-id=\"296fecc0\" data-element_type=\"widget\" data-e-type=\"widget\" data-widget_type=\"text-editor.default\">\n\t\t\t\t\t\t\t\t\t\n<h3 class=\"wp-block-heading\"><strong>Informaci\u00f3 sobre galetes<\/strong><\/h3>\n\n<p>A causa de l&#8217;entrada en vigor de la modificaci\u00f3 de la <strong>Llei de Serveis de la Societat de la Informaci\u00f3 i del Comer\u00e7 Electr\u00f2nic (LSSICE)<\/strong>, establerta pel Reial Decret 13\/2012, \u00e9s obligatori obtenir el consentiment expr\u00e9s de l&#8217;usuari de totes les p\u00e0gines web que utilitzin galetes prescindibles abans que aquest hi navegui.<\/p>\n<hr class=\"wp-block-separator has-alpha-channel-opacity\">\n<h3 class=\"wp-block-heading\"><strong>Qu\u00e8 s\u00f3n les galetes?<\/strong><\/h3>\n\n<p>Les galetes i altres tecnologies similars, com ara <em>local shared objects<\/em>, <em>flash cookies<\/em> o p\u00edxels, s\u00f3n eines utilitzades pels servidors web per emmagatzemar i recuperar informaci\u00f3 sobre els seus visitants, aix\u00ed com per oferir un funcionament correcte del lloc web.<\/p>\n\n<p>Mitjan\u00e7ant l&#8217;\u00fas d&#8217;aquests dispositius, el servidor web pot recordar algunes dades de l&#8217;usuari, com ara les seves prefer\u00e8ncies de visualitzaci\u00f3, nom i contrasenya, productes d&#8217;inter\u00e8s, entre d&#8217;altres.<\/p>\n<hr class=\"wp-block-separator has-alpha-channel-opacity\">\n<h3 class=\"wp-block-heading\"><strong>Galetes acceptades per la normativa i galetes exceptuades<\/strong><\/h3>\n\n<p>Segons la normativa de la Uni\u00f3 Europea, les galetes que requereixen el consentiment informat de l&#8217;usuari s\u00f3n les <strong>galetes d&#8217;anal\u00edtica<\/strong>, <strong>publicitat<\/strong> i <strong>afiliaci\u00f3<\/strong>.<\/p>\n\n<p>Queden exceptuades d&#8217;aquesta obligaci\u00f3 les galetes de car\u00e0cter <strong>t\u00e8cnic<\/strong> i aquelles necess\u00e0ries per al funcionament del lloc web o per a la prestaci\u00f3 de serveis expressament sol\u00b7licitats per l&#8217;usuari.<\/p>\n<hr class=\"wp-block-separator has-alpha-channel-opacity\">\n<h3 class=\"wp-block-heading\"><strong>Informaci\u00f3 sobre les galetes utilitzades<\/strong><\/h3>\n\n<p>Us informem que aquest lloc web utilitza galetes de tercers amb la finalitat d&#8217;executar les comunicacions electr\u00f2niques pr\u00f2pies de la navegaci\u00f3, aix\u00ed com per prestar o habilitar els serveis o funcionalitats sol\u00b7licitats per l&#8217;usuari.<\/p>\n\n<p>Entre els tercers que utilitzen galetes en aquest lloc web es troben:<\/p>\n\n<ul class=\"wp-block-list\">\n<li><strong>Google<\/strong>\n<ul class=\"wp-block-list\">\n<li>Google Analytics<\/li>\n\n<li>Google Ads<\/li>\n\n<li>Google Tag Manager<\/li>\n<\/ul>\n<\/li>\n\n<li><strong>Greensoft<\/strong><\/li>\n\n<li><strong>WordPress<\/strong> (diversos plugins)<\/li>\n<\/ul>\n\n<p>Aquestes galetes permeten, entre altres coses:<\/p>\n\n<ul class=\"wp-block-list\">\n<li>Recordar la prefer\u00e8ncia d&#8217;idioma seleccionada.<\/li>\n\n<li>Augmentar la seguretat durant la navegaci\u00f3.<\/li>\n\n<li>Facilitar i agilitzar l&#8217;experi\u00e8ncia de navegaci\u00f3.<\/li>\n\n<li>Permetre la reproducci\u00f3 de continguts multim\u00e8dia.<\/li>\n<\/ul>\n<hr class=\"wp-block-separator has-alpha-channel-opacity\">\n<h3 class=\"wp-block-heading\"><strong>Galetes pr\u00f2pies<\/strong><\/h3>\n\n<p>Aquest lloc web tamb\u00e9 utilitza <strong>galetes pr\u00f2pies<\/strong>, destinades a recopilar informaci\u00f3 sobre la navegaci\u00f3 dels usuaris de forma totalment an\u00f2nima i dissociada, amb finalitats estrictament estad\u00edstiques i de millora de la funcionalitat del lloc.<\/p>\n\n<p>L&#8217;\u00fas d&#8217;aquestes galetes ens permet:<\/p>\n\n<ul class=\"wp-block-list\">\n<li>Con\u00e8ixer el nombre de visitants del lloc web de l&#8217;<strong>Hotel Coma<\/strong>.<\/li>\n\n<li>Comptabilitzar el nombre de visites a cadascuna de les p\u00e0gines del portal.<\/li>\n\n<li>Analitzar l&#8217;activitat del lloc per detectar problemes i millorar la navegaci\u00f3.<\/li>\n<\/ul>\n<hr class=\"wp-block-separator has-alpha-channel-opacity\">\n<h3 class=\"wp-block-heading\"><strong>Desactivaci\u00f3 de galetes<\/strong><\/h3>\n\n<p>L&#8217;usuari pot desactivar l&#8217;\u00fas de galetes en qualsevol moment mitjan\u00e7ant la configuraci\u00f3 del seu navegador. A continuaci\u00f3, s&#8217;indiquen enlla\u00e7os a la informaci\u00f3 per gestionar les galetes en els navegadors m\u00e9s habituals: <\/p>\n\n<ul class=\"wp-block-list\">\n<li>Configuraci\u00f3 de galetes a l&#8217;<strong>Internet Explorer<\/strong><\/li>\n\n<li>Configuraci\u00f3 de galetes al <strong>Mozilla Firefox<\/strong><\/li>\n\n<li>Configuraci\u00f3 de galetes al <strong>Google Chrome<\/strong><\/li>\n\n<li>Configuraci\u00f3 de galetes al <strong>Safari<\/strong><\/li>\n<\/ul>\n\t\t\t\t\t\t\t\t<\/div>\n\t\t\t\t\t<\/div>\n\t\t\t\t<\/div>\n\t\t\t\t<\/div>\n\t\t","protected":false},"excerpt":{"rendered":"<p>Informaci\u00f3 sobre galetes A causa de l&#8217;entrada en vigor de la modificaci\u00f3 de la Llei de Serveis de la Societat de la Informaci\u00f3 i del Comer\u00e7 Electr\u00f2nic (LSSICE), establerta pel Reial Decret 13\/2012, \u00e9s obligatori obtenir el consentiment expr\u00e9s de l&#8217;usuari de totes les p\u00e0gines web que utilitzin galetes prescindibles abans que aquest hi navegui. [&hellip;]<\/p>\n","protected":false},"author":1,"featured_media":0,"parent":0,"menu_order":0,"comment_status":"closed","ping_status":"closed","template":"","meta":{"footnotes":""},"class_list":["post-6583","page","type-page","status-publish","hentry"],"yoast_head":"<!-- This site is optimized with the Yoast SEO plugin v27.2 - https:\/\/yoast.com\/product\/yoast-seo-wordpress\/ -->\n<title>Pol\u00edtica de galetes - Hotel Coma<\/title>\n<meta name=\"robots\" content=\"noindex, follow, max-snippet:-1, max-image-preview:large, max-video-preview:-1\" \/>\n<meta property=\"og:locale\" content=\"ca_ES\" \/>\n<meta property=\"og:type\" content=\"article\" \/>\n<meta property=\"og:title\" content=\"Pol\u00edtica de galetes - Hotel Coma\" \/>\n<meta property=\"og:description\" content=\"Informaci\u00f3 sobre galetes A causa de l&#8217;entrada en vigor de la modificaci\u00f3 de la Llei de Serveis de la Societat de la Informaci\u00f3 i del Comer\u00e7 Electr\u00f2nic (LSSICE), establerta pel Reial Decret 13\/2012, \u00e9s obligatori obtenir el consentiment expr\u00e9s de l&#8217;usuari de totes les p\u00e0gines web que utilitzin galetes prescindibles abans que aquest hi navegui. [&hellip;]\" \/>\n<meta property=\"og:url\" content=\"https:\/\/hotelcoma.audiologygrowth.com\/ca\/politica-de-galetes\/\" \/>\n<meta property=\"og:site_name\" content=\"Hotel Coma\" \/>\n<meta property=\"article:modified_time\" content=\"2026-04-15T00:51:17+00:00\" \/>\n<meta name=\"twitter:card\" content=\"summary_large_image\" \/>\n<meta name=\"twitter:label1\" content=\"Temps estimat de lectura\" \/>\n\t<meta name=\"twitter:data1\" content=\"2 minuts\" \/>\n<script type=\"application\/ld+json\" class=\"yoast-schema-graph\">{\"@context\":\"https:\/\/schema.org\",\"@graph\":[{\"@type\":\"WebPage\",\"@id\":\"https:\/\/hotelcoma.audiologygrowth.com\/ca\/politica-de-galetes\/\",\"url\":\"https:\/\/hotelcoma.audiologygrowth.com\/ca\/politica-de-galetes\/\",\"name\":\"Pol\u00edtica de galetes - Hotel Coma\",\"isPartOf\":{\"@id\":\"https:\/\/hotelcoma.audiologygrowth.com\/#website\"},\"datePublished\":\"2026-01-24T14:55:06+00:00\",\"dateModified\":\"2026-04-15T00:51:17+00:00\",\"breadcrumb\":{\"@id\":\"https:\/\/hotelcoma.audiologygrowth.com\/ca\/politica-de-galetes\/#breadcrumb\"},\"inLanguage\":\"ca\",\"potentialAction\":[{\"@type\":\"ReadAction\",\"target\":[\"https:\/\/hotelcoma.audiologygrowth.com\/ca\/politica-de-galetes\/\"]}]},{\"@type\":\"BreadcrumbList\",\"@id\":\"https:\/\/hotelcoma.audiologygrowth.com\/ca\/politica-de-galetes\/#breadcrumb\",\"itemListElement\":[{\"@type\":\"ListItem\",\"position\":1,\"name\":\"Inicio\",\"item\":\"https:\/\/hotelcoma.audiologygrowth.com\/ca\/inici\/\"},{\"@type\":\"ListItem\",\"position\":2,\"name\":\"Pol\u00edtica de galetes\"}]},{\"@type\":\"WebSite\",\"@id\":\"https:\/\/hotelcoma.audiologygrowth.com\/#website\",\"url\":\"https:\/\/hotelcoma.audiologygrowth.com\/\",\"name\":\"Hotel Coma\",\"description\":\"\",\"publisher\":{\"@id\":\"https:\/\/hotelcoma.audiologygrowth.com\/#organization\"},\"potentialAction\":[{\"@type\":\"SearchAction\",\"target\":{\"@type\":\"EntryPoint\",\"urlTemplate\":\"https:\/\/hotelcoma.audiologygrowth.com\/?s={search_term_string}\"},\"query-input\":{\"@type\":\"PropertyValueSpecification\",\"valueRequired\":true,\"valueName\":\"search_term_string\"}}],\"inLanguage\":\"ca\"},{\"@type\":\"Organization\",\"@id\":\"https:\/\/hotelcoma.audiologygrowth.com\/#organization\",\"name\":\"Hotel Coma\",\"url\":\"https:\/\/hotelcoma.audiologygrowth.com\/\",\"logo\":{\"@type\":\"ImageObject\",\"inLanguage\":\"ca\",\"@id\":\"https:\/\/hotelcoma.audiologygrowth.com\/#\/schema\/logo\/image\/\",\"url\":\"https:\/\/hotelcoma.audiologygrowth.com\/wp-content\/uploads\/2025\/11\/Group-22.svg\",\"contentUrl\":\"https:\/\/hotelcoma.audiologygrowth.com\/wp-content\/uploads\/2025\/11\/Group-22.svg\",\"width\":229,\"height\":79,\"caption\":\"Hotel Coma\"},\"image\":{\"@id\":\"https:\/\/hotelcoma.audiologygrowth.com\/#\/schema\/logo\/image\/\"}}]}<\/script>\n<!-- \/ Yoast SEO plugin. -->","yoast_head_json":{"title":"Pol\u00edtica de galetes - Hotel Coma","robots":{"index":"noindex","follow":"follow","max-snippet":"max-snippet:-1","max-image-preview":"max-image-preview:large","max-video-preview":"max-video-preview:-1"},"og_locale":"ca_ES","og_type":"article","og_title":"Pol\u00edtica de galetes - Hotel Coma","og_description":"Informaci\u00f3 sobre galetes A causa de l&#8217;entrada en vigor de la modificaci\u00f3 de la Llei de Serveis de la Societat de la Informaci\u00f3 i del Comer\u00e7 Electr\u00f2nic (LSSICE), establerta pel Reial Decret 13\/2012, \u00e9s obligatori obtenir el consentiment expr\u00e9s de l&#8217;usuari de totes les p\u00e0gines web que utilitzin galetes prescindibles abans que aquest hi navegui. [&hellip;]","og_url":"https:\/\/hotelcoma.audiologygrowth.com\/ca\/politica-de-galetes\/","og_site_name":"Hotel Coma","article_modified_time":"2026-04-15T00:51:17+00:00","twitter_card":"summary_large_image","twitter_misc":{"Temps estimat de lectura":"2 minuts"},"schema":{"@context":"https:\/\/schema.org","@graph":[{"@type":"WebPage","@id":"https:\/\/hotelcoma.audiologygrowth.com\/ca\/politica-de-galetes\/","url":"https:\/\/hotelcoma.audiologygrowth.com\/ca\/politica-de-galetes\/","name":"Pol\u00edtica de galetes - Hotel Coma","isPartOf":{"@id":"https:\/\/hotelcoma.audiologygrowth.com\/#website"},"datePublished":"2026-01-24T14:55:06+00:00","dateModified":"2026-04-15T00:51:17+00:00","breadcrumb":{"@id":"https:\/\/hotelcoma.audiologygrowth.com\/ca\/politica-de-galetes\/#breadcrumb"},"inLanguage":"ca","potentialAction":[{"@type":"ReadAction","target":["https:\/\/hotelcoma.audiologygrowth.com\/ca\/politica-de-galetes\/"]}]},{"@type":"BreadcrumbList","@id":"https:\/\/hotelcoma.audiologygrowth.com\/ca\/politica-de-galetes\/#breadcrumb","itemListElement":[{"@type":"ListItem","position":1,"name":"Inicio","item":"https:\/\/hotelcoma.audiologygrowth.com\/ca\/inici\/"},{"@type":"ListItem","position":2,"name":"Pol\u00edtica de galetes"}]},{"@type":"WebSite","@id":"https:\/\/hotelcoma.audiologygrowth.com\/#website","url":"https:\/\/hotelcoma.audiologygrowth.com\/","name":"Hotel Coma","description":"","publisher":{"@id":"https:\/\/hotelcoma.audiologygrowth.com\/#organization"},"potentialAction":[{"@type":"SearchAction","target":{"@type":"EntryPoint","urlTemplate":"https:\/\/hotelcoma.audiologygrowth.com\/?s={search_term_string}"},"query-input":{"@type":"PropertyValueSpecification","valueRequired":true,"valueName":"search_term_string"}}],"inLanguage":"ca"},{"@type":"Organization","@id":"https:\/\/hotelcoma.audiologygrowth.com\/#organization","name":"Hotel Coma","url":"https:\/\/hotelcoma.audiologygrowth.com\/","logo":{"@type":"ImageObject","inLanguage":"ca","@id":"https:\/\/hotelcoma.audiologygrowth.com\/#\/schema\/logo\/image\/","url":"https:\/\/hotelcoma.audiologygrowth.com\/wp-content\/uploads\/2025\/11\/Group-22.svg","contentUrl":"https:\/\/hotelcoma.audiologygrowth.com\/wp-content\/uploads\/2025\/11\/Group-22.svg","width":229,"height":79,"caption":"Hotel Coma"},"image":{"@id":"https:\/\/hotelcoma.audiologygrowth.com\/#\/schema\/logo\/image\/"}}]}},"_links":{"self":[{"href":"https:\/\/hotelcoma.audiologygrowth.com\/ca\/wp-json\/wp\/v2\/pages\/6583","targetHints":{"allow":["GET"]}}],"collection":[{"href":"https:\/\/hotelcoma.audiologygrowth.com\/ca\/wp-json\/wp\/v2\/pages"}],"about":[{"href":"https:\/\/hotelcoma.audiologygrowth.com\/ca\/wp-json\/wp\/v2\/types\/page"}],"author":[{"embeddable":true,"href":"https:\/\/hotelcoma.audiologygrowth.com\/ca\/wp-json\/wp\/v2\/users\/1"}],"replies":[{"embeddable":true,"href":"https:\/\/hotelcoma.audiologygrowth.com\/ca\/wp-json\/wp\/v2\/comments?post=6583"}],"version-history":[{"count":3,"href":"https:\/\/hotelcoma.audiologygrowth.com\/ca\/wp-json\/wp\/v2\/pages\/6583\/revisions"}],"predecessor-version":[{"id":6586,"href":"https:\/\/hotelcoma.audiologygrowth.com\/ca\/wp-json\/wp\/v2\/pages\/6583\/revisions\/6586"}],"wp:attachment":[{"href":"https:\/\/hotelcoma.audiologygrowth.com\/ca\/wp-json\/wp\/v2\/media?parent=6583"}],"curies":[{"name":"wp","href":"https:\/\/api.w.org\/{rel}","templated":true}]}}