{"id":6587,"date":"2025-10-17T14:12:12","date_gmt":"2025-10-17T14:12:12","guid":{"rendered":"https:\/\/hotelcoma.audiologygrowth.com\/politica-de-privacitat\/"},"modified":"2026-04-15T00:52:12","modified_gmt":"2026-04-15T00:52:12","slug":"politica-de-privacitat","status":"publish","type":"page","link":"https:\/\/hotelcoma.audiologygrowth.com\/ca\/politica-de-privacitat\/","title":{"rendered":"Pol\u00edtica de privacitat"},"content":{"rendered":"\n<p><strong>Nom comercial:<\/strong> HOTEL COMA<\/p>\n\n<p><strong>N\u00fam. de registre de comer\u00e7:<\/strong> 903688 X<\/p>\n\n<p><strong>Objecte social:<\/strong> HOTELS I MOTELS AMB RESTAURANT<\/p>\n\n<h3 class=\"wp-block-heading\"><strong>Pol\u00edtica de privacitat<\/strong><\/h3>\n\n<p>Per donar compliment al que estableix la Llei 34\/2002, d\u201911 de juliol, de serveis de la societat de la informaci\u00f3 i de comer\u00e7 electr\u00f2nic, a continuaci\u00f3 s\u2019indiquen les dades d\u2019informaci\u00f3 general d\u2019aquest lloc web.<\/p>\n\n<hr class=\"wp-block-separator has-alpha-channel-opacity\"\/>\n\n<h2 class=\"wp-block-heading\"><strong>OBJECTE<\/strong><\/h2>\n\n<p>Les presents condicions generals (d\u2019ara endavant, les \u00abCondicions generals\u00bb) regulen l\u2019\u00fas de tots els serveis d\u2019aquest lloc web (d\u2019ara endavant, el \u00abPortal\u00bb) que <strong>GRUP COMA SL<\/strong> posa a disposici\u00f3 dels usuaris d\u2019Internet.<\/p>\n\n<p>La mera utilitzaci\u00f3 del Portal implica l\u2019acceptaci\u00f3 plena i sense reserves d\u2019aquestes Condicions generals, les quals podran ser modificades per <strong>GRUP COMA SL<\/strong> en qualsevol moment. Els usuaris queden igualment subjectes a totes aquelles condicions particulars, avisos o instruccions que se\u2019ls posin en coneixement en relaci\u00f3 amb els continguts o serveis concrets, sempre que no s\u2019oposin al que preveuen aquestes Condicions generals. <\/p>\n\n<hr class=\"wp-block-separator has-alpha-channel-opacity\"\/>\n\n<h2 class=\"wp-block-heading\"><strong>INFORMACI\u00d3 A L\u2019USUARI<\/strong><\/h2>\n\n<p><strong>GRUP COMA SL<\/strong> \u00e9s el responsable del tractament de les dades personals de l\u2019Usuari i informa que aquestes dades seran tractades de conformitat amb la normativa vigent en mat\u00e8ria de protecci\u00f3 de dades personals, el Reglament (UE) 2016\/679 de 27 d\u2019abril de 2016 (RGPD), relatiu a la protecci\u00f3 de les persones f\u00edsiques pel que fa al tractament de dades personals i a la lliure circulaci\u00f3 d\u2019aquestes.<\/p>\n\n<p>D\u2019acord amb l\u2019article 13 del RGPD, s\u2019informa de manera expressa, precisa i inequ\u00edvoca del seg\u00fcent:<\/p>\n\n<hr class=\"wp-block-separator has-alpha-channel-opacity\"\/>\n\n<h3 class=\"wp-block-heading\"><strong>Informaci\u00f3 b\u00e0sica sobre protecci\u00f3 de dades<\/strong><\/h3>\n\n<ul class=\"wp-block-list\">\n<li><strong>Responsable:<\/strong> GRUP COMA SL<\/li>\n\n\n\n<li><strong>Finalitat:<\/strong> Gestionar les reserves dels clients.<\/li>\n\n\n\n<li><strong>Legitimaci\u00f3:<\/strong> Consentiment de l\u2019interessat i registre de clients.<\/li>\n\n\n\n<li><strong>Destinataris:<\/strong> No se cediran dades personals a tercers, excepte per obligaci\u00f3 legal o amb el consentiment previ de l\u2019interessat.<\/li>\n\n\n\n<li><strong>Drets:<\/strong> Accedir, rectificar i suprimir les dades, aix\u00ed com altres drets, segons es detalla a la informaci\u00f3 addicional.<\/li>\n<\/ul>\n\n<hr class=\"wp-block-separator has-alpha-channel-opacity\"\/>\n\n<h3 class=\"wp-block-heading\"><strong>Qui \u00e9s el responsable del tractament de les vostres dades?<\/strong><\/h3>\n\n<ul class=\"wp-block-list\">\n<li><strong>Identitat:<\/strong> GRUP COMA SL<\/li>\n\n\n\n<li><strong>CIF:<\/strong> L-703477-X<\/li>\n\n\n\n<li><strong>Adre\u00e7a postal:<\/strong> HOTEL COMA, Camp de la Tenada, AD300 Ordino<\/li>\n\n\n\n<li><strong>Tel\u00e8fon:<\/strong> +376 736 100<\/li>\n\n\n\n<li><strong>Correu electr\u00f2nic:<\/strong> hotelcoma@hotelcoma.com<\/li>\n<\/ul>\n\n<hr class=\"wp-block-separator has-alpha-channel-opacity\"\/>\n\n<h3 class=\"wp-block-heading\"><strong>Amb quina finalitat tractem les vostres dades?<\/strong><\/h3>\n\n<h4 class=\"wp-block-heading\"><strong>Clients web<\/strong><\/h4>\n\n<p>Quan feu una reserva a trav\u00e9s de la nostra p\u00e0gina web, les dades facilitades s\u2019utilitzaran per tramitar, enviar i facturar els serveis contractats. Per fer la reserva en l\u00ednia, cada client proporciona volunt\u00e0riament i sota la seva responsabilitat les seves dades personals (nom, cognoms, adre\u00e7a, tel\u00e8fon, dades de facturaci\u00f3 i forma de pagament), que han de ser veraces i exactes. <\/p>\n\n<h4 class=\"wp-block-heading\"><strong>Butllet\u00ed \/ Comunicacions comercials<\/strong><\/h4>\n\n<p>Quan ens atorgueu el vostre consentiment d\u2019acord amb l\u2019article 21 de la Llei de serveis de la societat de la informaci\u00f3, utilitzarem les vostres dades identificatives i de contacte per enviar-vos informaci\u00f3 sobre novetats del lloc web, not\u00edcies d\u2019inter\u00e8s del sector, aix\u00ed com promocions i ofertes dels nostres productes i serveis.<\/p>\n\n<p>La vig\u00e8ncia de les promocions estar\u00e0 subjecta a la disponibilitat dels productes i a condicions espec\u00edfiques. Davant de qualsevol dubte, podreu consultar amb el nostre Departament d\u2019Atenci\u00f3 al Client. <\/p>\n\n<h4 class=\"wp-block-heading\"><strong>Formulari de contacte<\/strong><\/h4>\n\n<p>Les dades personals enviades a trav\u00e9s dels formularis de contacte es tractaran \u00fanicament per atendre la vostra consulta. La informaci\u00f3 recollida es limita a dades identificatives, de contacte i aquelles relacionades amb la naturalesa de la sol\u00b7licitud. <\/p>\n\n<p>Pel que fa a la informaci\u00f3 autom\u00e0tica de navegaci\u00f3, recomanem consultar la nostra Pol\u00edtica de cookies.<\/p>\n\n<h4 class=\"wp-block-heading\"><strong>Xarxes socials<\/strong><\/h4>\n\n<p>A trav\u00e9s del nostre web podeu accedir a xarxes socials com Facebook, Twitter i Instagram, obertes a tots els usuaris. Aquests espais s\u00f3n independents del nostre web i visibles per a tots els seus usuaris, i es regeixen per les seves pr\u00f2pies pol\u00edtiques de privacitat. <strong>GRUP COMA SL<\/strong> no \u00e9s titular d\u2019aquestes xarxes socials. <\/p>\n\n<p>Tractem la informaci\u00f3 facilitada pels interessats amb la finalitat de gestionar l\u2019enviament de la informaci\u00f3 sol\u00b7licitada i facilitar ofertes de productes i\/o serveis d\u2019inter\u00e8s. Tamb\u00e9 es podr\u00e0 elaborar un perfil comercial sense que s\u2019adoptin decisions automatitzades basades en aquest perfil. <\/p>\n\n<hr class=\"wp-block-separator has-alpha-channel-opacity\"\/>\n\n<h3 class=\"wp-block-heading\"><strong>Durant quant de temps conservarem les vostres dades?<\/strong><\/h3>\n\n<p>Les dades es conservaran mentre existeixi un inter\u00e8s mutu per mantenir la finalitat del tractament i, quan ja no siguin necess\u00e0ries, s\u2019eliminaran aplicant mesures de seguretat adequades per garantir-ne l\u2019anonimitzaci\u00f3 o la destrucci\u00f3 total.<\/p>\n\n<hr class=\"wp-block-separator has-alpha-channel-opacity\"\/>\n\n<h3 class=\"wp-block-heading\"><strong>Quina \u00e9s la legitimaci\u00f3 per al tractament de les vostres dades?<\/strong><\/h3>\n\n<h4 class=\"wp-block-heading\"><strong>Consentiment de l\u2019interessat<\/strong><\/h4>\n\n<p>El consentiment se sol\u00b7licita per gestionar reserves i respondre consultes fetes a trav\u00e9s del formulari de contacte o correu electr\u00f2nic. La retirada del consentiment no afectar\u00e0 l\u2019execuci\u00f3 dels serveis contractats. <\/p>\n\n<h4 class=\"wp-block-heading\"><strong>Inter\u00e8s leg\u00edtim<\/strong><\/h4>\n\n<p>El tractament tamb\u00e9 es podr\u00e0 basar en l\u2019inter\u00e8s leg\u00edtim de <strong>GRUP COMA SL<\/strong> per millorar la qualitat dels serveis, fer estad\u00edstiques, enquestes o estudis de mercat.<\/p>\n\n<hr class=\"wp-block-separator has-alpha-channel-opacity\"\/>\n\n<h3 class=\"wp-block-heading\"><strong>A quins destinataris es comunicaran les vostres dades?<\/strong><\/h3>\n\n<p><strong>GRUP COMA SL<\/strong> podr\u00e0 comunicar dades a empreses que presten serveis necessaris per a la gesti\u00f3 de reserves i la relaci\u00f3 amb el client, actuant com a encarregats del tractament.<\/p>\n\n<p>En particular:<\/p>\n\n<ul class=\"wp-block-list\">\n<li><strong>WITBOOKING:<\/strong> Empresa encarregada del motor de reserves. Es recomana consultar la seva pol\u00edtica de privacitat a https:\/\/www.witbooking.com\/policy. <\/li>\n<\/ul>\n\n<p>Aix\u00ed mateix, les dades es podran comunicar quan existeixi una obligaci\u00f3 legal.<\/p>\n\n<hr class=\"wp-block-separator has-alpha-channel-opacity\"\/>\n\n<h3 class=\"wp-block-heading\"><strong>Quins s\u00f3n els vostres drets?<\/strong><\/h3>\n\n<ul class=\"wp-block-list\">\n<li><strong>Acc\u00e9s:<\/strong> Confirmar si s\u2019estan tractant les vostres dades personals.<\/li>\n\n\n\n<li><strong>Rectificaci\u00f3:<\/strong> Sol\u00b7licitar la correcci\u00f3 de dades inexactes.<\/li>\n\n\n\n<li><strong>Supressi\u00f3:<\/strong> Sol\u00b7licitar l\u2019eliminaci\u00f3 de les dades quan ja no siguin necess\u00e0ries.<\/li>\n\n\n\n<li><strong>Oposici\u00f3:<\/strong> Oposar-se al tractament per motius personals.<\/li>\n\n\n\n<li><strong>Limitaci\u00f3 del tractament:<\/strong> En els casos previstos a l\u2019article 18 del RGPD.<\/li>\n\n\n\n<li><strong>Portabilitat:<\/strong> Rebre les vostres dades en format electr\u00f2nic estructurat i transmetre-les a un altre responsable.<\/li>\n<\/ul>\n\n<hr class=\"wp-block-separator has-alpha-channel-opacity\"\/>\n\n<h3 class=\"wp-block-heading\"><strong>Canals d\u2019atenci\u00f3<\/strong><\/h3>\n\n<ul class=\"wp-block-list\">\n<li><strong>Correu electr\u00f2nic:<\/strong> hotelcoma@hotelcoma.com<\/li>\n\n\n\n<li><strong>Adre\u00e7a postal:<\/strong> Carrer del Camp de la Tanada, AD300 Ordino, Andorra<\/li>\n\n\n\n<li><strong>Tel\u00e8fon:<\/strong> +376 736 100<\/li>\n<\/ul>\n\n<p>Per exercir els vostres drets haureu d\u2019adjuntar una c\u00f2pia del vostre DNI o document equivalent. L\u2019exercici d\u2019aquests drets \u00e9s gratu\u00eft. <\/p>\n\n<hr class=\"wp-block-separator has-alpha-channel-opacity\"\/>\n\n<h3 class=\"wp-block-heading\"><strong>Quines vies de reclamaci\u00f3 existeixen?<\/strong><\/h3>\n\n<p>Els interessats poden presentar una reclamaci\u00f3 davant l\u2019Autoritat de Control competent en mat\u00e8ria de protecci\u00f3 de dades a trav\u00e9s de www.agpd.es.<\/p>\n\n<hr class=\"wp-block-separator has-alpha-channel-opacity\"\/>\n\n<h2 class=\"wp-block-heading\"><strong>Pol\u00edtica de cancel\u00b7laci\u00f3 i devoluci\u00f3<\/strong><\/h2>\n\n<p>Les reserves fetes a trav\u00e9s d\u2019aquesta p\u00e0gina es garanteixen mitjan\u00e7ant targeta de cr\u00e8dit (nom\u00e9s s\u2019accepten VISA i MASTERCARD). La no-presentaci\u00f3 al check-in o la cancel\u00b7laci\u00f3 fora del termini indicat comportar\u00e0 un c\u00e0rrec autom\u00e0tic equivalent a una nit, excepte en reserves d\u2019<strong>oferta no reemborsable<\/strong>, en aquest cas es perdr\u00e0 l\u2019import total de l\u2019estada. <\/p>\n\n<p>Si s\u2019ha efectuat un c\u00e0rrec i la cancel\u00b7laci\u00f3 es fa dins del termini establert, l\u2019import es retornar\u00e0 \u00edntegrament a l\u2019usuari.<\/p>\n\n<hr class=\"wp-block-separator has-alpha-channel-opacity\"\/>\n\n<h2 class=\"wp-block-heading\"><strong>Jurisdicci\u00f3<\/strong><\/h2>\n\n<p>En cas de reclamaci\u00f3 entre les parts, aquesta se sotmetr\u00e0 als tribunals del <strong>Principat d\u2019Andorra<\/strong>.<\/p>\n\n<p><\/p>\n","protected":false},"excerpt":{"rendered":"<p>Nom comercial: HOTEL COMA N\u00fam. de registre de comer\u00e7: 903688 X Objecte social: HOTELS I MOTELS AMB RESTAURANT Pol\u00edtica de privacitat Per donar compliment al que estableix la Llei 34\/2002, d\u201911 de juliol, de serveis de la societat de la informaci\u00f3 i de comer\u00e7 electr\u00f2nic, a continuaci\u00f3 s\u2019indiquen les dades d\u2019informaci\u00f3 general d\u2019aquest lloc web. [&hellip;]<\/p>\n","protected":false},"author":1,"featured_media":0,"parent":0,"menu_order":0,"comment_status":"closed","ping_status":"open","template":"","meta":{"footnotes":""},"class_list":["post-6587","page","type-page","status-publish","hentry"],"yoast_head":"<!-- This site is optimized with the Yoast SEO plugin v27.2 - https:\/\/yoast.com\/product\/yoast-seo-wordpress\/ -->\n<title>Pol\u00edtica de privacitat - Hotel Coma<\/title>\n<meta name=\"robots\" content=\"noindex, follow, max-snippet:-1, max-image-preview:large, max-video-preview:-1\" \/>\n<meta property=\"og:locale\" content=\"ca_ES\" \/>\n<meta property=\"og:type\" content=\"article\" \/>\n<meta property=\"og:title\" content=\"Pol\u00edtica de privacitat - Hotel Coma\" \/>\n<meta property=\"og:description\" content=\"Nom comercial: HOTEL COMA N\u00fam. de registre de comer\u00e7: 903688 X Objecte social: HOTELS I MOTELS AMB RESTAURANT Pol\u00edtica de privacitat Per donar compliment al que estableix la Llei 34\/2002, d\u201911 de juliol, de serveis de la societat de la informaci\u00f3 i de comer\u00e7 electr\u00f2nic, a continuaci\u00f3 s\u2019indiquen les dades d\u2019informaci\u00f3 general d\u2019aquest lloc web. [&hellip;]\" \/>\n<meta property=\"og:url\" content=\"https:\/\/hotelcoma.audiologygrowth.com\/ca\/politica-de-privacitat\/\" \/>\n<meta property=\"og:site_name\" content=\"Hotel Coma\" \/>\n<meta property=\"article:modified_time\" content=\"2026-04-15T00:52:12+00:00\" \/>\n<meta name=\"twitter:card\" content=\"summary_large_image\" \/>\n<meta name=\"twitter:label1\" content=\"Temps estimat de lectura\" \/>\n\t<meta name=\"twitter:data1\" content=\"6 minuts\" \/>\n<script type=\"application\/ld+json\" class=\"yoast-schema-graph\">{\"@context\":\"https:\/\/schema.org\",\"@graph\":[{\"@type\":\"WebPage\",\"@id\":\"https:\/\/hotelcoma.audiologygrowth.com\/ca\/politica-de-privacitat\/\",\"url\":\"https:\/\/hotelcoma.audiologygrowth.com\/ca\/politica-de-privacitat\/\",\"name\":\"Pol\u00edtica de privacitat - Hotel Coma\",\"isPartOf\":{\"@id\":\"https:\/\/hotelcoma.audiologygrowth.com\/#website\"},\"datePublished\":\"2025-10-17T14:12:12+00:00\",\"dateModified\":\"2026-04-15T00:52:12+00:00\",\"breadcrumb\":{\"@id\":\"https:\/\/hotelcoma.audiologygrowth.com\/ca\/politica-de-privacitat\/#breadcrumb\"},\"inLanguage\":\"ca\",\"potentialAction\":[{\"@type\":\"ReadAction\",\"target\":[\"https:\/\/hotelcoma.audiologygrowth.com\/ca\/politica-de-privacitat\/\"]}]},{\"@type\":\"BreadcrumbList\",\"@id\":\"https:\/\/hotelcoma.audiologygrowth.com\/ca\/politica-de-privacitat\/#breadcrumb\",\"itemListElement\":[{\"@type\":\"ListItem\",\"position\":1,\"name\":\"Inicio\",\"item\":\"https:\/\/hotelcoma.audiologygrowth.com\/ca\/inici\/\"},{\"@type\":\"ListItem\",\"position\":2,\"name\":\"Pol\u00edtica de privacitat\"}]},{\"@type\":\"WebSite\",\"@id\":\"https:\/\/hotelcoma.audiologygrowth.com\/#website\",\"url\":\"https:\/\/hotelcoma.audiologygrowth.com\/\",\"name\":\"Hotel Coma\",\"description\":\"\",\"publisher\":{\"@id\":\"https:\/\/hotelcoma.audiologygrowth.com\/#organization\"},\"potentialAction\":[{\"@type\":\"SearchAction\",\"target\":{\"@type\":\"EntryPoint\",\"urlTemplate\":\"https:\/\/hotelcoma.audiologygrowth.com\/?s={search_term_string}\"},\"query-input\":{\"@type\":\"PropertyValueSpecification\",\"valueRequired\":true,\"valueName\":\"search_term_string\"}}],\"inLanguage\":\"ca\"},{\"@type\":\"Organization\",\"@id\":\"https:\/\/hotelcoma.audiologygrowth.com\/#organization\",\"name\":\"Hotel Coma\",\"url\":\"https:\/\/hotelcoma.audiologygrowth.com\/\",\"logo\":{\"@type\":\"ImageObject\",\"inLanguage\":\"ca\",\"@id\":\"https:\/\/hotelcoma.audiologygrowth.com\/#\/schema\/logo\/image\/\",\"url\":\"https:\/\/hotelcoma.audiologygrowth.com\/wp-content\/uploads\/2025\/11\/Group-22.svg\",\"contentUrl\":\"https:\/\/hotelcoma.audiologygrowth.com\/wp-content\/uploads\/2025\/11\/Group-22.svg\",\"width\":229,\"height\":79,\"caption\":\"Hotel Coma\"},\"image\":{\"@id\":\"https:\/\/hotelcoma.audiologygrowth.com\/#\/schema\/logo\/image\/\"}}]}<\/script>\n<!-- \/ Yoast SEO plugin. -->","yoast_head_json":{"title":"Pol\u00edtica de privacitat - Hotel Coma","robots":{"index":"noindex","follow":"follow","max-snippet":"max-snippet:-1","max-image-preview":"max-image-preview:large","max-video-preview":"max-video-preview:-1"},"og_locale":"ca_ES","og_type":"article","og_title":"Pol\u00edtica de privacitat - Hotel Coma","og_description":"Nom comercial: HOTEL COMA N\u00fam. de registre de comer\u00e7: 903688 X Objecte social: HOTELS I MOTELS AMB RESTAURANT Pol\u00edtica de privacitat Per donar compliment al que estableix la Llei 34\/2002, d\u201911 de juliol, de serveis de la societat de la informaci\u00f3 i de comer\u00e7 electr\u00f2nic, a continuaci\u00f3 s\u2019indiquen les dades d\u2019informaci\u00f3 general d\u2019aquest lloc web. [&hellip;]","og_url":"https:\/\/hotelcoma.audiologygrowth.com\/ca\/politica-de-privacitat\/","og_site_name":"Hotel Coma","article_modified_time":"2026-04-15T00:52:12+00:00","twitter_card":"summary_large_image","twitter_misc":{"Temps estimat de lectura":"6 minuts"},"schema":{"@context":"https:\/\/schema.org","@graph":[{"@type":"WebPage","@id":"https:\/\/hotelcoma.audiologygrowth.com\/ca\/politica-de-privacitat\/","url":"https:\/\/hotelcoma.audiologygrowth.com\/ca\/politica-de-privacitat\/","name":"Pol\u00edtica de privacitat - Hotel Coma","isPartOf":{"@id":"https:\/\/hotelcoma.audiologygrowth.com\/#website"},"datePublished":"2025-10-17T14:12:12+00:00","dateModified":"2026-04-15T00:52:12+00:00","breadcrumb":{"@id":"https:\/\/hotelcoma.audiologygrowth.com\/ca\/politica-de-privacitat\/#breadcrumb"},"inLanguage":"ca","potentialAction":[{"@type":"ReadAction","target":["https:\/\/hotelcoma.audiologygrowth.com\/ca\/politica-de-privacitat\/"]}]},{"@type":"BreadcrumbList","@id":"https:\/\/hotelcoma.audiologygrowth.com\/ca\/politica-de-privacitat\/#breadcrumb","itemListElement":[{"@type":"ListItem","position":1,"name":"Inicio","item":"https:\/\/hotelcoma.audiologygrowth.com\/ca\/inici\/"},{"@type":"ListItem","position":2,"name":"Pol\u00edtica de privacitat"}]},{"@type":"WebSite","@id":"https:\/\/hotelcoma.audiologygrowth.com\/#website","url":"https:\/\/hotelcoma.audiologygrowth.com\/","name":"Hotel Coma","description":"","publisher":{"@id":"https:\/\/hotelcoma.audiologygrowth.com\/#organization"},"potentialAction":[{"@type":"SearchAction","target":{"@type":"EntryPoint","urlTemplate":"https:\/\/hotelcoma.audiologygrowth.com\/?s={search_term_string}"},"query-input":{"@type":"PropertyValueSpecification","valueRequired":true,"valueName":"search_term_string"}}],"inLanguage":"ca"},{"@type":"Organization","@id":"https:\/\/hotelcoma.audiologygrowth.com\/#organization","name":"Hotel Coma","url":"https:\/\/hotelcoma.audiologygrowth.com\/","logo":{"@type":"ImageObject","inLanguage":"ca","@id":"https:\/\/hotelcoma.audiologygrowth.com\/#\/schema\/logo\/image\/","url":"https:\/\/hotelcoma.audiologygrowth.com\/wp-content\/uploads\/2025\/11\/Group-22.svg","contentUrl":"https:\/\/hotelcoma.audiologygrowth.com\/wp-content\/uploads\/2025\/11\/Group-22.svg","width":229,"height":79,"caption":"Hotel Coma"},"image":{"@id":"https:\/\/hotelcoma.audiologygrowth.com\/#\/schema\/logo\/image\/"}}]}},"_links":{"self":[{"href":"https:\/\/hotelcoma.audiologygrowth.com\/ca\/wp-json\/wp\/v2\/pages\/6587","targetHints":{"allow":["GET"]}}],"collection":[{"href":"https:\/\/hotelcoma.audiologygrowth.com\/ca\/wp-json\/wp\/v2\/pages"}],"about":[{"href":"https:\/\/hotelcoma.audiologygrowth.com\/ca\/wp-json\/wp\/v2\/types\/page"}],"author":[{"embeddable":true,"href":"https:\/\/hotelcoma.audiologygrowth.com\/ca\/wp-json\/wp\/v2\/users\/1"}],"replies":[{"embeddable":true,"href":"https:\/\/hotelcoma.audiologygrowth.com\/ca\/wp-json\/wp\/v2\/comments?post=6587"}],"version-history":[{"count":1,"href":"https:\/\/hotelcoma.audiologygrowth.com\/ca\/wp-json\/wp\/v2\/pages\/6587\/revisions"}],"predecessor-version":[{"id":6588,"href":"https:\/\/hotelcoma.audiologygrowth.com\/ca\/wp-json\/wp\/v2\/pages\/6587\/revisions\/6588"}],"wp:attachment":[{"href":"https:\/\/hotelcoma.audiologygrowth.com\/ca\/wp-json\/wp\/v2\/media?parent=6587"}],"curies":[{"name":"wp","href":"https:\/\/api.w.org\/{rel}","templated":true}]}}