{"id":7328,"date":"2026-01-24T14:55:06","date_gmt":"2026-01-24T14:55:06","guid":{"rendered":"https:\/\/hotelcoma.audiologygrowth.com\/cookies-policy\/"},"modified":"2026-04-16T12:28:49","modified_gmt":"2026-04-16T12:28:49","slug":"cookies-policy","status":"publish","type":"page","link":"https:\/\/hotelcoma.audiologygrowth.com\/en\/cookies-policy\/","title":{"rendered":"Cookies Policy"},"content":{"rendered":"\t\t<div data-elementor-type=\"wp-page\" data-elementor-id=\"7328\" class=\"elementor elementor-7328 elementor-4962\" data-elementor-post-type=\"page\">\n\t\t\t\t<div class=\"elementor-element elementor-element-5c473f31 e-flex e-con-boxed e-con e-parent\" data-id=\"5c473f31\" data-element_type=\"container\" data-e-type=\"container\">\n\t\t\t\t\t<div class=\"e-con-inner\">\n\t\t\t\t<div class=\"elementor-element elementor-element-296fecc0 elementor-widget elementor-widget-text-editor\" data-id=\"296fecc0\" data-element_type=\"widget\" data-e-type=\"widget\" data-widget_type=\"text-editor.default\">\n\t\t\t\t\t\t\t\t\t\n<h3 class=\"wp-block-heading\"><strong>Information about cookies<\/strong><\/h3>\n\n<p>Due to the entry into force of the amendment to the <strong>Law on Information Society Services and Electronic Commerce (LSSICE), <\/strong>established by Royal Decree 13\/2012, it is mandatory to obtain the express consent of the user of all web pages that use non-essential cookies before they browse them.<\/p>\n<hr class=\"wp-block-separator has-alpha-channel-opacity\">\n<h3 class=\"wp-block-heading\"><strong>What are cookies?<\/strong><\/h3>\n\n<p>Cookies and other similar technologies, such as <em>local shared objects,<\/em> <em>flash cookies<\/em>, or pixels, are tools used by web servers to store and retrieve information about their visitors, as well as to ensure the proper functioning of the website.<\/p>\n\n<p>By using these devices, the web server can remember some user data, such as their display preferences, name and password, products of interest, among others.<\/p>\n<hr class=\"wp-block-separator has-alpha-channel-opacity\">\n<h3 class=\"wp-block-heading\"><strong>Cookies aceptadas por la normativa y cookies exceptuadas<\/strong><\/h3>\n\n<p>According to European Union regulations, cookies that require informed user <strong>consent are analytics<\/strong>, <strong>advertising<\/strong> and <strong>affiliate cookies.<\/strong><\/p>\n\n<p><strong>Technical<\/strong> cookies and those necessary for the operation of the website or for the provision of services expressly requested by the user are exempt from this obligation.<\/p>\n<hr class=\"wp-block-separator has-alpha-channel-opacity\">\n<h3 class=\"wp-block-heading\"><strong>Information about the cookies used<\/strong><\/h3>\n\n<p>Le informamos que este sitio web utiliza cookies de terceros con la finalidad de ejecutar las comunicaciones electr\u00f3nicas propias de la navegaci\u00f3n, as\u00ed como para prestar o habilitar los servicios o funcionalidades solicitados por el usuario.<\/p>\n\n<p>Third parties that use cookies on this website include:<\/p>\n\n<ul class=\"wp-block-list\">\n<li><strong>Google<\/strong>\n<ul class=\"wp-block-list\">\n<li>Google Analytics<\/li>\n\n<li>Google Ads<\/li>\n\n<li>Google Tag Manager<\/li>\n<\/ul>\n<\/li>\n\n<li><strong>Greensoft<\/strong><\/li>\n\n<li>WordPress (different plugins)<\/li>\n<\/ul>\n\n<p>These cookies allow, among other things:<\/p>\n\n<ul class=\"wp-block-list\">\n<li>Remember the selected language preference.<\/li>\n\n<li>Increase safety during navigation.<\/li>\n\n<li>To facilitate and streamline the browsing experience.<\/li>\n\n<li>Allow the playback of multimedia content.<\/li>\n<\/ul>\n<hr class=\"wp-block-separator has-alpha-channel-opacity\">\n<h3 class=\"wp-block-heading\"><strong>Own cookies<\/strong><\/h3>\n\n<p>This website also uses its <strong>own cookies<\/strong>, intended to collect information about user browsing in a completely anonymous and dissociated manner, for strictly statistical purposes and to improve the functionality of the site.<\/p>\n\n<p>The use of these cookies allows us to:<\/p>\n\n<ul class=\"wp-block-list\">\n<li>To find out the number of visitors to the <strong>Hotel Coma website.<\/strong><\/li>\n\n<li>Count the number of visits to each of the portal&#8217;s pages.<\/li>\n\n<li>Analyze site activity to detect problems and improve navigation.<\/li>\n<\/ul>\n<hr class=\"wp-block-separator has-alpha-channel-opacity\">\n<h3 class=\"wp-block-heading\"><strong>Disabling cookies<\/strong><\/h3>\n\n<p>Users can disable the use of cookies at any time through their browser settings. Below are links to information on managing cookies in the most common browsers: <\/p>\n\n<ul class=\"wp-block-list\">\n<li>Cookie settings in <strong>Internet Explorer<\/strong><\/li>\n\n<li>Cookie settings in <strong>Mozilla Firefox<\/strong><\/li>\n\n<li>Cookie settings in <strong>Google Chrome<\/strong><\/li>\n\n<li>Cookie settings in <strong>Safari<\/strong><\/li>\n<\/ul>\n\t\t\t\t\t\t\t\t<\/div>\n\t\t\t\t\t<\/div>\n\t\t\t\t<\/div>\n\t\t\t\t<\/div>\n\t\t","protected":false},"excerpt":{"rendered":"<p>Information about cookies Due to the entry into force of the amendment to the Law on Information Society Services and Electronic Commerce (LSSICE), established by Royal Decree 13\/2012, it is mandatory to obtain the express consent of the user of all web pages that use non-essential cookies before they browse them. What are cookies? Cookies [&hellip;]<\/p>\n","protected":false},"author":1,"featured_media":0,"parent":0,"menu_order":0,"comment_status":"closed","ping_status":"closed","template":"","meta":{"footnotes":""},"class_list":["post-7328","page","type-page","status-publish","hentry"],"yoast_head":"<!-- This site is optimized with the Yoast SEO plugin v27.2 - https:\/\/yoast.com\/product\/yoast-seo-wordpress\/ -->\n<title>Cookies Policy - Hotel Coma<\/title>\n<meta name=\"robots\" content=\"noindex, follow, max-snippet:-1, max-image-preview:large, max-video-preview:-1\" \/>\n<meta property=\"og:locale\" content=\"en_US\" \/>\n<meta property=\"og:type\" content=\"article\" \/>\n<meta property=\"og:title\" content=\"Cookies Policy - Hotel Coma\" \/>\n<meta property=\"og:description\" content=\"Information about cookies Due to the entry into force of the amendment to the Law on Information Society Services and Electronic Commerce (LSSICE), established by Royal Decree 13\/2012, it is mandatory to obtain the express consent of the user of all web pages that use non-essential cookies before they browse them. What are cookies? Cookies [&hellip;]\" \/>\n<meta property=\"og:url\" content=\"https:\/\/hotelcoma.audiologygrowth.com\/en\/cookies-policy\/\" \/>\n<meta property=\"og:site_name\" content=\"Hotel Coma\" \/>\n<meta property=\"article:modified_time\" content=\"2026-04-16T12:28:49+00:00\" \/>\n<meta name=\"twitter:card\" content=\"summary_large_image\" \/>\n<meta name=\"twitter:label1\" content=\"Est. reading time\" \/>\n\t<meta name=\"twitter:data1\" content=\"2 minutes\" \/>\n<script type=\"application\/ld+json\" class=\"yoast-schema-graph\">{\"@context\":\"https:\/\/schema.org\",\"@graph\":[{\"@type\":\"WebPage\",\"@id\":\"https:\/\/hotelcoma.audiologygrowth.com\/en\/cookies-policy\/\",\"url\":\"https:\/\/hotelcoma.audiologygrowth.com\/en\/cookies-policy\/\",\"name\":\"Cookies Policy - Hotel Coma\",\"isPartOf\":{\"@id\":\"https:\/\/hotelcoma.audiologygrowth.com\/#website\"},\"datePublished\":\"2026-01-24T14:55:06+00:00\",\"dateModified\":\"2026-04-16T12:28:49+00:00\",\"breadcrumb\":{\"@id\":\"https:\/\/hotelcoma.audiologygrowth.com\/en\/cookies-policy\/#breadcrumb\"},\"inLanguage\":\"en-US\",\"potentialAction\":[{\"@type\":\"ReadAction\",\"target\":[\"https:\/\/hotelcoma.audiologygrowth.com\/en\/cookies-policy\/\"]}]},{\"@type\":\"BreadcrumbList\",\"@id\":\"https:\/\/hotelcoma.audiologygrowth.com\/en\/cookies-policy\/#breadcrumb\",\"itemListElement\":[{\"@type\":\"ListItem\",\"position\":1,\"name\":\"Inicio\",\"item\":\"https:\/\/hotelcoma.audiologygrowth.com\/en\/home\/\"},{\"@type\":\"ListItem\",\"position\":2,\"name\":\"Cookies Policy\"}]},{\"@type\":\"WebSite\",\"@id\":\"https:\/\/hotelcoma.audiologygrowth.com\/#website\",\"url\":\"https:\/\/hotelcoma.audiologygrowth.com\/\",\"name\":\"Hotel Coma\",\"description\":\"\",\"publisher\":{\"@id\":\"https:\/\/hotelcoma.audiologygrowth.com\/#organization\"},\"potentialAction\":[{\"@type\":\"SearchAction\",\"target\":{\"@type\":\"EntryPoint\",\"urlTemplate\":\"https:\/\/hotelcoma.audiologygrowth.com\/?s={search_term_string}\"},\"query-input\":{\"@type\":\"PropertyValueSpecification\",\"valueRequired\":true,\"valueName\":\"search_term_string\"}}],\"inLanguage\":\"en-US\"},{\"@type\":\"Organization\",\"@id\":\"https:\/\/hotelcoma.audiologygrowth.com\/#organization\",\"name\":\"Hotel Coma\",\"url\":\"https:\/\/hotelcoma.audiologygrowth.com\/\",\"logo\":{\"@type\":\"ImageObject\",\"inLanguage\":\"en-US\",\"@id\":\"https:\/\/hotelcoma.audiologygrowth.com\/#\/schema\/logo\/image\/\",\"url\":\"https:\/\/hotelcoma.audiologygrowth.com\/wp-content\/uploads\/2025\/11\/Group-22.svg\",\"contentUrl\":\"https:\/\/hotelcoma.audiologygrowth.com\/wp-content\/uploads\/2025\/11\/Group-22.svg\",\"width\":229,\"height\":79,\"caption\":\"Hotel Coma\"},\"image\":{\"@id\":\"https:\/\/hotelcoma.audiologygrowth.com\/#\/schema\/logo\/image\/\"}}]}<\/script>\n<!-- \/ Yoast SEO plugin. -->","yoast_head_json":{"title":"Cookies Policy - Hotel Coma","robots":{"index":"noindex","follow":"follow","max-snippet":"max-snippet:-1","max-image-preview":"max-image-preview:large","max-video-preview":"max-video-preview:-1"},"og_locale":"en_US","og_type":"article","og_title":"Cookies Policy - Hotel Coma","og_description":"Information about cookies Due to the entry into force of the amendment to the Law on Information Society Services and Electronic Commerce (LSSICE), established by Royal Decree 13\/2012, it is mandatory to obtain the express consent of the user of all web pages that use non-essential cookies before they browse them. What are cookies? Cookies [&hellip;]","og_url":"https:\/\/hotelcoma.audiologygrowth.com\/en\/cookies-policy\/","og_site_name":"Hotel Coma","article_modified_time":"2026-04-16T12:28:49+00:00","twitter_card":"summary_large_image","twitter_misc":{"Est. reading time":"2 minutes"},"schema":{"@context":"https:\/\/schema.org","@graph":[{"@type":"WebPage","@id":"https:\/\/hotelcoma.audiologygrowth.com\/en\/cookies-policy\/","url":"https:\/\/hotelcoma.audiologygrowth.com\/en\/cookies-policy\/","name":"Cookies Policy - Hotel Coma","isPartOf":{"@id":"https:\/\/hotelcoma.audiologygrowth.com\/#website"},"datePublished":"2026-01-24T14:55:06+00:00","dateModified":"2026-04-16T12:28:49+00:00","breadcrumb":{"@id":"https:\/\/hotelcoma.audiologygrowth.com\/en\/cookies-policy\/#breadcrumb"},"inLanguage":"en-US","potentialAction":[{"@type":"ReadAction","target":["https:\/\/hotelcoma.audiologygrowth.com\/en\/cookies-policy\/"]}]},{"@type":"BreadcrumbList","@id":"https:\/\/hotelcoma.audiologygrowth.com\/en\/cookies-policy\/#breadcrumb","itemListElement":[{"@type":"ListItem","position":1,"name":"Inicio","item":"https:\/\/hotelcoma.audiologygrowth.com\/en\/home\/"},{"@type":"ListItem","position":2,"name":"Cookies Policy"}]},{"@type":"WebSite","@id":"https:\/\/hotelcoma.audiologygrowth.com\/#website","url":"https:\/\/hotelcoma.audiologygrowth.com\/","name":"Hotel Coma","description":"","publisher":{"@id":"https:\/\/hotelcoma.audiologygrowth.com\/#organization"},"potentialAction":[{"@type":"SearchAction","target":{"@type":"EntryPoint","urlTemplate":"https:\/\/hotelcoma.audiologygrowth.com\/?s={search_term_string}"},"query-input":{"@type":"PropertyValueSpecification","valueRequired":true,"valueName":"search_term_string"}}],"inLanguage":"en-US"},{"@type":"Organization","@id":"https:\/\/hotelcoma.audiologygrowth.com\/#organization","name":"Hotel Coma","url":"https:\/\/hotelcoma.audiologygrowth.com\/","logo":{"@type":"ImageObject","inLanguage":"en-US","@id":"https:\/\/hotelcoma.audiologygrowth.com\/#\/schema\/logo\/image\/","url":"https:\/\/hotelcoma.audiologygrowth.com\/wp-content\/uploads\/2025\/11\/Group-22.svg","contentUrl":"https:\/\/hotelcoma.audiologygrowth.com\/wp-content\/uploads\/2025\/11\/Group-22.svg","width":229,"height":79,"caption":"Hotel Coma"},"image":{"@id":"https:\/\/hotelcoma.audiologygrowth.com\/#\/schema\/logo\/image\/"}}]}},"_links":{"self":[{"href":"https:\/\/hotelcoma.audiologygrowth.com\/en\/wp-json\/wp\/v2\/pages\/7328","targetHints":{"allow":["GET"]}}],"collection":[{"href":"https:\/\/hotelcoma.audiologygrowth.com\/en\/wp-json\/wp\/v2\/pages"}],"about":[{"href":"https:\/\/hotelcoma.audiologygrowth.com\/en\/wp-json\/wp\/v2\/types\/page"}],"author":[{"embeddable":true,"href":"https:\/\/hotelcoma.audiologygrowth.com\/en\/wp-json\/wp\/v2\/users\/1"}],"replies":[{"embeddable":true,"href":"https:\/\/hotelcoma.audiologygrowth.com\/en\/wp-json\/wp\/v2\/comments?post=7328"}],"version-history":[{"count":3,"href":"https:\/\/hotelcoma.audiologygrowth.com\/en\/wp-json\/wp\/v2\/pages\/7328\/revisions"}],"predecessor-version":[{"id":7331,"href":"https:\/\/hotelcoma.audiologygrowth.com\/en\/wp-json\/wp\/v2\/pages\/7328\/revisions\/7331"}],"wp:attachment":[{"href":"https:\/\/hotelcoma.audiologygrowth.com\/en\/wp-json\/wp\/v2\/media?parent=7328"}],"curies":[{"name":"wp","href":"https:\/\/api.w.org\/{rel}","templated":true}]}}