{"id":7311,"date":"2026-03-11T02:07:12","date_gmt":"2026-03-11T02:07:12","guid":{"rendered":"https:\/\/hotelcoma.audiologygrowth.com\/animaux-de-compagnie\/"},"modified":"2026-04-16T11:56:06","modified_gmt":"2026-04-16T11:56:06","slug":"animaux-de-compagnie","status":"publish","type":"page","link":"https:\/\/hotelcoma.audiologygrowth.com\/fr\/animaux-de-compagnie\/","title":{"rendered":"Animaux de compagnie"},"content":{"rendered":"\t\t<div data-elementor-type=\"wp-page\" data-elementor-id=\"7311\" class=\"elementor elementor-7311 elementor-5737\" data-elementor-post-type=\"page\">\n\t\t\t\t<div class=\"elementor-element elementor-element-686c719 e-con-full e-flex e-con e-parent\" data-id=\"686c719\" data-element_type=\"container\" data-e-type=\"container\" data-settings=\"{&quot;background_background&quot;:&quot;classic&quot;}\">\n\t\t<div class=\"elementor-element elementor-element-a64dd78 e-con-full e-flex e-con e-child\" data-id=\"a64dd78\" data-element_type=\"container\" data-e-type=\"container\">\n\t\t\t\t<div class=\"elementor-element elementor-element-74eb966 elementor-invisible elementor-widget elementor-widget-heading\" data-id=\"74eb966\" data-element_type=\"widget\" data-e-type=\"widget\" data-settings=\"{&quot;_animation&quot;:&quot;fadeInUp&quot;}\" data-widget_type=\"heading.default\">\n\t\t\t\t\t<h1 class=\"elementor-heading-title elementor-size-default\"><i> Animaux de compagnieMascotas<\/i><\/h1>\t\t\t\t<\/div>\n\t\t\t\t<\/div>\n\t\t\t\t<\/div>\n\t\t<main class=\"elementor-element elementor-element-b262449 e-flex e-con-boxed e-con e-parent\" data-id=\"b262449\" data-element_type=\"container\" data-e-type=\"container\">\n\t\t\t\t\t<div class=\"e-con-inner\">\n\t\t<div class=\"elementor-element elementor-element-30dde35 e-con-full e-flex e-con e-child\" data-id=\"30dde35\" data-element_type=\"container\" data-e-type=\"container\">\n\t\t\t\t<div class=\"elementor-element elementor-element-9b51635 elementor-widget elementor-widget-text-editor\" data-id=\"9b51635\" data-element_type=\"widget\" data-e-type=\"widget\" data-widget_type=\"text-editor.default\">\n\t\t\t\t\t\t\t\t\t<p>\u00c0 l&rsquo;H\u00d4TEL COMA, nous acceptons les animaux de compagnie (chiens et chats) moyennant un suppl\u00e9ment de 10,00 \u20ac\/animal et par nuit, et sous certaines r\u00e8gles afin d&rsquo;assurer une bonne coexistence avec les autres clients s\u00e9journant \u00e0 l&rsquo;h\u00f4tel :<\/p><p><b>ARRIV\u00c9E ET ACC\u00c8S \u00c0 L&rsquo;H\u00d4TEL<\/b><br>\u00c0 votre arriv\u00e9e \u00e0 l&rsquo;h\u00f4tel, votre animal de compagnie devra rester \u00e0 l&rsquo;ext\u00e9rieur jusqu&rsquo;\u00e0 l&rsquo;enregistrement et la remise des cl\u00e9s.<br>Les animaux doivent acc\u00e9der \u00e0 l&rsquo;h\u00f4tel par le garage, qui dispose d&rsquo;un ascenseur desservant directement les chambres.<\/p><p><b>ZONES INTERDITES AUX ANIMAUX<\/b><br>Les animaux ne sont pas admis dans les espaces communs de l&rsquo;h\u00f4tel (r\u00e9ception, bar, restaurant, etc.), tous situ\u00e9s au rez-de-chauss\u00e9e.<br>Ils sont autoris\u00e9s sur la terrasse du restaurant et du bar, uniquement pendant que vous y consommez des aliments ou des boissons. L&rsquo;acc\u00e8s se fait par l&rsquo;escalier ext\u00e9rieur menant directement \u00e0 la terrasse, et non par le restaurant ou le bar. <\/p><p><b>AUTRES INFORMATIONS<\/b><br>Les animaux domestiques ne doivent en aucun cas \u00eatre laiss\u00e9s seuls dans la chambre, sauf pendant le petit-d\u00e9jeuner, le d\u00e9jeuner ou le d\u00eener si vous prenez vos repas \u00e0 l&rsquo;h\u00f4tel.<br>Si vous souhaitez une couverture pour votre animal, veuillez nous en informer avant votre arriv\u00e9e.<br>Si votre animal cause des dommages \u00e0 l&rsquo;h\u00f4tel, la responsabilit\u00e9 incombe aux personnes s\u00e9journant avec lui. <\/p>\t\t\t\t\t\t\t\t<\/div>\n\t\t\t\t<\/div>\n\t\t\t\t\t<\/div>\n\t\t\t\t<\/main>\n\t\t\t\t<\/div>\n\t\t","protected":false},"excerpt":{"rendered":"<p>Animaux de compagnieMascotas \u00c0 l&rsquo;H\u00d4TEL COMA, nous acceptons les animaux de compagnie (chiens et chats) moyennant un suppl\u00e9ment de 10,00 \u20ac\/animal et par nuit, et sous certaines r\u00e8gles afin d&rsquo;assurer une bonne coexistence avec les autres clients s\u00e9journant \u00e0 l&rsquo;h\u00f4tel : ARRIV\u00c9E ET ACC\u00c8S \u00c0 L&rsquo;H\u00d4TEL\u00c0 votre arriv\u00e9e \u00e0 l&rsquo;h\u00f4tel, votre animal de compagnie devra [&hellip;]<\/p>\n","protected":false},"author":1,"featured_media":0,"parent":0,"menu_order":0,"comment_status":"closed","ping_status":"closed","template":"elementor_header_footer","meta":{"footnotes":""},"class_list":["post-7311","page","type-page","status-publish","hentry"],"yoast_head":"<!-- This site is optimized with the Yoast SEO plugin v27.2 - https:\/\/yoast.com\/product\/yoast-seo-wordpress\/ -->\n<title>Animaux de compagnie - Hotel Coma<\/title>\n<meta name=\"robots\" content=\"noindex, follow, max-snippet:-1, max-image-preview:large, max-video-preview:-1\" \/>\n<meta property=\"og:locale\" content=\"fr_FR\" \/>\n<meta property=\"og:type\" content=\"article\" \/>\n<meta property=\"og:title\" content=\"Animaux de compagnie - Hotel Coma\" \/>\n<meta property=\"og:description\" content=\"Animaux de compagnieMascotas \u00c0 l&rsquo;H\u00d4TEL COMA, nous acceptons les animaux de compagnie (chiens et chats) moyennant un suppl\u00e9ment de 10,00 \u20ac\/animal et par nuit, et sous certaines r\u00e8gles afin d&rsquo;assurer une bonne coexistence avec les autres clients s\u00e9journant \u00e0 l&rsquo;h\u00f4tel : ARRIV\u00c9E ET ACC\u00c8S \u00c0 L&rsquo;H\u00d4TEL\u00c0 votre arriv\u00e9e \u00e0 l&rsquo;h\u00f4tel, votre animal de compagnie devra [&hellip;]\" \/>\n<meta property=\"og:url\" content=\"https:\/\/hotelcoma.audiologygrowth.com\/fr\/animaux-de-compagnie\/\" \/>\n<meta property=\"og:site_name\" content=\"Hotel Coma\" \/>\n<meta property=\"article:modified_time\" content=\"2026-04-16T11:56:06+00:00\" \/>\n<meta name=\"twitter:card\" content=\"summary_large_image\" \/>\n<meta name=\"twitter:label1\" content=\"Dur\u00e9e de lecture estim\u00e9e\" \/>\n\t<meta name=\"twitter:data1\" content=\"1 minute\" \/>\n<script type=\"application\/ld+json\" class=\"yoast-schema-graph\">{\"@context\":\"https:\/\/schema.org\",\"@graph\":[{\"@type\":\"WebPage\",\"@id\":\"https:\/\/hotelcoma.audiologygrowth.com\/fr\/animaux-de-compagnie\/\",\"url\":\"https:\/\/hotelcoma.audiologygrowth.com\/fr\/animaux-de-compagnie\/\",\"name\":\"Animaux de compagnie - Hotel Coma\",\"isPartOf\":{\"@id\":\"https:\/\/hotelcoma.audiologygrowth.com\/#website\"},\"datePublished\":\"2026-03-11T02:07:12+00:00\",\"dateModified\":\"2026-04-16T11:56:06+00:00\",\"breadcrumb\":{\"@id\":\"https:\/\/hotelcoma.audiologygrowth.com\/fr\/animaux-de-compagnie\/#breadcrumb\"},\"inLanguage\":\"fr-FR\",\"potentialAction\":[{\"@type\":\"ReadAction\",\"target\":[\"https:\/\/hotelcoma.audiologygrowth.com\/fr\/animaux-de-compagnie\/\"]}]},{\"@type\":\"BreadcrumbList\",\"@id\":\"https:\/\/hotelcoma.audiologygrowth.com\/fr\/animaux-de-compagnie\/#breadcrumb\",\"itemListElement\":[{\"@type\":\"ListItem\",\"position\":1,\"name\":\"Inicio\",\"item\":\"https:\/\/hotelcoma.audiologygrowth.com\/fr\/accueil\/\"},{\"@type\":\"ListItem\",\"position\":2,\"name\":\"Animaux de compagnie\"}]},{\"@type\":\"WebSite\",\"@id\":\"https:\/\/hotelcoma.audiologygrowth.com\/#website\",\"url\":\"https:\/\/hotelcoma.audiologygrowth.com\/\",\"name\":\"Hotel Coma\",\"description\":\"\",\"publisher\":{\"@id\":\"https:\/\/hotelcoma.audiologygrowth.com\/#organization\"},\"potentialAction\":[{\"@type\":\"SearchAction\",\"target\":{\"@type\":\"EntryPoint\",\"urlTemplate\":\"https:\/\/hotelcoma.audiologygrowth.com\/?s={search_term_string}\"},\"query-input\":{\"@type\":\"PropertyValueSpecification\",\"valueRequired\":true,\"valueName\":\"search_term_string\"}}],\"inLanguage\":\"fr-FR\"},{\"@type\":\"Organization\",\"@id\":\"https:\/\/hotelcoma.audiologygrowth.com\/#organization\",\"name\":\"Hotel Coma\",\"url\":\"https:\/\/hotelcoma.audiologygrowth.com\/\",\"logo\":{\"@type\":\"ImageObject\",\"inLanguage\":\"fr-FR\",\"@id\":\"https:\/\/hotelcoma.audiologygrowth.com\/#\/schema\/logo\/image\/\",\"url\":\"https:\/\/hotelcoma.audiologygrowth.com\/wp-content\/uploads\/2025\/11\/Group-22.svg\",\"contentUrl\":\"https:\/\/hotelcoma.audiologygrowth.com\/wp-content\/uploads\/2025\/11\/Group-22.svg\",\"width\":229,\"height\":79,\"caption\":\"Hotel Coma\"},\"image\":{\"@id\":\"https:\/\/hotelcoma.audiologygrowth.com\/#\/schema\/logo\/image\/\"}}]}<\/script>\n<!-- \/ Yoast SEO plugin. -->","yoast_head_json":{"title":"Animaux de compagnie - Hotel Coma","robots":{"index":"noindex","follow":"follow","max-snippet":"max-snippet:-1","max-image-preview":"max-image-preview:large","max-video-preview":"max-video-preview:-1"},"og_locale":"fr_FR","og_type":"article","og_title":"Animaux de compagnie - Hotel Coma","og_description":"Animaux de compagnieMascotas \u00c0 l&rsquo;H\u00d4TEL COMA, nous acceptons les animaux de compagnie (chiens et chats) moyennant un suppl\u00e9ment de 10,00 \u20ac\/animal et par nuit, et sous certaines r\u00e8gles afin d&rsquo;assurer une bonne coexistence avec les autres clients s\u00e9journant \u00e0 l&rsquo;h\u00f4tel : ARRIV\u00c9E ET ACC\u00c8S \u00c0 L&rsquo;H\u00d4TEL\u00c0 votre arriv\u00e9e \u00e0 l&rsquo;h\u00f4tel, votre animal de compagnie devra [&hellip;]","og_url":"https:\/\/hotelcoma.audiologygrowth.com\/fr\/animaux-de-compagnie\/","og_site_name":"Hotel Coma","article_modified_time":"2026-04-16T11:56:06+00:00","twitter_card":"summary_large_image","twitter_misc":{"Dur\u00e9e de lecture estim\u00e9e":"1 minute"},"schema":{"@context":"https:\/\/schema.org","@graph":[{"@type":"WebPage","@id":"https:\/\/hotelcoma.audiologygrowth.com\/fr\/animaux-de-compagnie\/","url":"https:\/\/hotelcoma.audiologygrowth.com\/fr\/animaux-de-compagnie\/","name":"Animaux de compagnie - Hotel Coma","isPartOf":{"@id":"https:\/\/hotelcoma.audiologygrowth.com\/#website"},"datePublished":"2026-03-11T02:07:12+00:00","dateModified":"2026-04-16T11:56:06+00:00","breadcrumb":{"@id":"https:\/\/hotelcoma.audiologygrowth.com\/fr\/animaux-de-compagnie\/#breadcrumb"},"inLanguage":"fr-FR","potentialAction":[{"@type":"ReadAction","target":["https:\/\/hotelcoma.audiologygrowth.com\/fr\/animaux-de-compagnie\/"]}]},{"@type":"BreadcrumbList","@id":"https:\/\/hotelcoma.audiologygrowth.com\/fr\/animaux-de-compagnie\/#breadcrumb","itemListElement":[{"@type":"ListItem","position":1,"name":"Inicio","item":"https:\/\/hotelcoma.audiologygrowth.com\/fr\/accueil\/"},{"@type":"ListItem","position":2,"name":"Animaux de compagnie"}]},{"@type":"WebSite","@id":"https:\/\/hotelcoma.audiologygrowth.com\/#website","url":"https:\/\/hotelcoma.audiologygrowth.com\/","name":"Hotel Coma","description":"","publisher":{"@id":"https:\/\/hotelcoma.audiologygrowth.com\/#organization"},"potentialAction":[{"@type":"SearchAction","target":{"@type":"EntryPoint","urlTemplate":"https:\/\/hotelcoma.audiologygrowth.com\/?s={search_term_string}"},"query-input":{"@type":"PropertyValueSpecification","valueRequired":true,"valueName":"search_term_string"}}],"inLanguage":"fr-FR"},{"@type":"Organization","@id":"https:\/\/hotelcoma.audiologygrowth.com\/#organization","name":"Hotel Coma","url":"https:\/\/hotelcoma.audiologygrowth.com\/","logo":{"@type":"ImageObject","inLanguage":"fr-FR","@id":"https:\/\/hotelcoma.audiologygrowth.com\/#\/schema\/logo\/image\/","url":"https:\/\/hotelcoma.audiologygrowth.com\/wp-content\/uploads\/2025\/11\/Group-22.svg","contentUrl":"https:\/\/hotelcoma.audiologygrowth.com\/wp-content\/uploads\/2025\/11\/Group-22.svg","width":229,"height":79,"caption":"Hotel Coma"},"image":{"@id":"https:\/\/hotelcoma.audiologygrowth.com\/#\/schema\/logo\/image\/"}}]}},"_links":{"self":[{"href":"https:\/\/hotelcoma.audiologygrowth.com\/fr\/wp-json\/wp\/v2\/pages\/7311","targetHints":{"allow":["GET"]}}],"collection":[{"href":"https:\/\/hotelcoma.audiologygrowth.com\/fr\/wp-json\/wp\/v2\/pages"}],"about":[{"href":"https:\/\/hotelcoma.audiologygrowth.com\/fr\/wp-json\/wp\/v2\/types\/page"}],"author":[{"embeddable":true,"href":"https:\/\/hotelcoma.audiologygrowth.com\/fr\/wp-json\/wp\/v2\/users\/1"}],"replies":[{"embeddable":true,"href":"https:\/\/hotelcoma.audiologygrowth.com\/fr\/wp-json\/wp\/v2\/comments?post=7311"}],"version-history":[{"count":1,"href":"https:\/\/hotelcoma.audiologygrowth.com\/fr\/wp-json\/wp\/v2\/pages\/7311\/revisions"}],"predecessor-version":[{"id":7312,"href":"https:\/\/hotelcoma.audiologygrowth.com\/fr\/wp-json\/wp\/v2\/pages\/7311\/revisions\/7312"}],"wp:attachment":[{"href":"https:\/\/hotelcoma.audiologygrowth.com\/fr\/wp-json\/wp\/v2\/media?parent=7311"}],"curies":[{"name":"wp","href":"https:\/\/api.w.org\/{rel}","templated":true}]}}