{"id":7332,"date":"2026-01-24T14:55:06","date_gmt":"2026-01-24T14:55:06","guid":{"rendered":"https:\/\/hotelcoma.audiologygrowth.com\/politique-de-cookies\/"},"modified":"2026-04-16T12:35:35","modified_gmt":"2026-04-16T12:35:35","slug":"politique-de-cookies","status":"publish","type":"page","link":"https:\/\/hotelcoma.audiologygrowth.com\/fr\/politique-de-cookies\/","title":{"rendered":"Politique de cookies"},"content":{"rendered":"\t\t<div data-elementor-type=\"wp-page\" data-elementor-id=\"7332\" class=\"elementor elementor-7332 elementor-4962\" data-elementor-post-type=\"page\">\n\t\t\t\t<div class=\"elementor-element elementor-element-5c473f31 e-flex e-con-boxed e-con e-parent\" data-id=\"5c473f31\" data-element_type=\"container\" data-e-type=\"container\">\n\t\t\t\t\t<div class=\"e-con-inner\">\n\t\t\t\t<div class=\"elementor-element elementor-element-296fecc0 elementor-widget elementor-widget-text-editor\" data-id=\"296fecc0\" data-element_type=\"widget\" data-e-type=\"widget\" data-widget_type=\"text-editor.default\">\n\t\t\t\t\t\t\t\t\t\n<h3 class=\"wp-block-heading\"><strong>Informations sur les cookies<\/strong><\/h3>\n\n<p>Suite \u00e0 l&rsquo;entr\u00e9e en vigueur de la modification de la loi sur les <strong>services de la soci\u00e9t\u00e9 de l&rsquo;information et le commerce \u00e9lectronique (LSSICE),<\/strong> institu\u00e9e par le d\u00e9cret royal 13\/2012, il est obligatoire d&rsquo;obtenir le consentement expr\u00e8s de l&rsquo;utilisateur de toutes les pages web qui utilisent des cookies non essentiels avant de les consulter.<\/p>\n<hr class=\"wp-block-separator has-alpha-channel-opacity\">\n<h3 class=\"wp-block-heading\"><strong>Que sont les cookies ?<\/strong><\/h3>\n\n<p>Les cookies et autres technologies similaires, comme les <em>objets locaux partag\u00e9s<\/em>, <em>les cookies Flash<\/em> ou les pixels, sont des outils utilis\u00e9s par les serveurs web pour stocker et r\u00e9cup\u00e9rer des informations sur leurs visiteurs, ainsi que pour assurer le bon fonctionnement du site web.<\/p>\n\n<p>Gr\u00e2ce \u00e0 ces dispositifs, le serveur web peut m\u00e9moriser certaines donn\u00e9es utilisateur, telles que leurs pr\u00e9f\u00e9rences d&rsquo;affichage, leur nom et leur mot de passe, les produits qui les int\u00e9ressent, entre autres.<\/p>\n<hr class=\"wp-block-separator has-alpha-channel-opacity\">\n<h3 class=\"wp-block-heading\"><strong>Cookies accept\u00e9s par la r\u00e9glementation et cookies exempt\u00e9s<\/strong><\/h3>\n\n<p>Conform\u00e9ment \u00e0 la r\u00e9glementation de l&rsquo;Union europ\u00e9enne, les cookies n\u00e9cessitant le consentement \u00e9clair\u00e9 de l&rsquo;utilisateur sont les<strong> cookies analytiques<\/strong>, <strong>publicitaires<\/strong> <strong>et d&rsquo;affiliation.<\/strong><\/p>\n\n<p>Les cookies <strong>techniques<\/strong> et ceux n\u00e9cessaires au fonctionnement du site web ou \u00e0 la fourniture des services express\u00e9ment demand\u00e9s par l&rsquo;utilisateur sont exempt\u00e9s de cette obligation.<\/p>\n<hr class=\"wp-block-separator has-alpha-channel-opacity\">\n<h3 class=\"wp-block-heading\"><strong>Informations sur les cookies utilis\u00e9s<\/strong><\/h3>\n\n<p>Nous vous informons que ce site web utilise des cookies tiers afin d&rsquo;effectuer des communications \u00e9lectroniques li\u00e9es \u00e0 la navigation, ainsi que pour fournir ou activer les services ou fonctionnalit\u00e9s demand\u00e9s par l&rsquo;utilisateur.<\/p>\n\n<p>Les tiers qui utilisent des cookies sur ce site web incluent:<\/p>\n\n<ul class=\"wp-block-list\">\n<li><strong>Google<\/strong>\n<ul class=\"wp-block-list\">\n<li>Google Analytics<\/li>\n\n<li>Google Ads<\/li>\n\n<li>Google Tag Manager<\/li>\n<\/ul>\n<\/li>\n\n<li><strong>Greensoft<\/strong><\/li>\n\n<li>WordPress (divers plugins)<\/li>\n<\/ul>\n\n<p>Ces cookies permettent, entre autres :<\/p>\n\n<ul class=\"wp-block-list\">\n<li>Recordar la preferencia de idioma seleccionada.<\/li>\n\n<li>Am\u00e9liorer la s\u00e9curit\u00e9 pendant la navigation.<\/li>\n\n<li>Pour faciliter et optimiser l&rsquo;exp\u00e9rience de navigation.<\/li>\n\n<li>Autoriser la lecture de contenu multim\u00e9dia.<\/li>\n<\/ul>\n<hr class=\"wp-block-separator has-alpha-channel-opacity\">\n<h3 class=\"wp-block-heading\"><strong>Cookies propias<\/strong><\/h3>\n\n<p>Ce site web utilise \u00e9galement ses <strong>propres cookies,<\/strong> destin\u00e9s \u00e0 collecter des informations sur la navigation de l&rsquo;utilisateur de mani\u00e8re totalement anonyme et dissoci\u00e9e, \u00e0 des fins strictement statistiques et pour am\u00e9liorer la fonctionnalit\u00e9 du site.<\/p>\n\n<p>El uso de estas cookies nos permite:<\/p>\n\n<ul class=\"wp-block-list\">\n<li>Pour conna\u00eetre le nombre de visiteurs sur le site web de <strong>l&rsquo;H\u00f4tel Coma.<\/strong><\/li>\n\n<li>Comptez le nombre de visites sur chacune des pages du portail.<\/li>\n\n<li>Analysez l&rsquo;activit\u00e9 du site pour d\u00e9tecter les probl\u00e8mes et am\u00e9liorer la navigation.<\/li>\n<\/ul>\n<hr class=\"wp-block-separator has-alpha-channel-opacity\">\n<h3 class=\"wp-block-heading\"><strong>D\u00e9sactiver les cookies<\/strong><\/h3>\n\n<p>Les utilisateurs peuvent d\u00e9sactiver l&rsquo;utilisation des cookies \u00e0 tout moment via les param\u00e8tres de leur navigateur. Vous trouverez ci-dessous des liens vers des informations sur la gestion des cookies dans les navigateurs les plus courants : <\/p>\n\n<ul class=\"wp-block-list\">\n<li>Param\u00e8tres des cookies dans<strong> Internet Explorer<\/strong><\/li>\n\n<li>Param\u00e8tres des cookies dans <strong>Mozilla Firefox<\/strong><\/li>\n\n<li>Param\u00e8tres des cookies dans<strong> Google Chrome<\/strong><\/li>\n\n<li>Param\u00e8tres des cookies dans <strong>Safari<\/strong><\/li>\n<\/ul>\n\t\t\t\t\t\t\t\t<\/div>\n\t\t\t\t\t<\/div>\n\t\t\t\t<\/div>\n\t\t\t\t<\/div>\n\t\t","protected":false},"excerpt":{"rendered":"<p>Informations sur les cookies Suite \u00e0 l&rsquo;entr\u00e9e en vigueur de la modification de la loi sur les services de la soci\u00e9t\u00e9 de l&rsquo;information et le commerce \u00e9lectronique (LSSICE), institu\u00e9e par le d\u00e9cret royal 13\/2012, il est obligatoire d&rsquo;obtenir le consentement expr\u00e8s de l&rsquo;utilisateur de toutes les pages web qui utilisent des cookies non essentiels avant [&hellip;]<\/p>\n","protected":false},"author":1,"featured_media":0,"parent":0,"menu_order":0,"comment_status":"closed","ping_status":"closed","template":"","meta":{"footnotes":""},"class_list":["post-7332","page","type-page","status-publish","hentry"],"yoast_head":"<!-- This site is optimized with the Yoast SEO plugin v27.2 - https:\/\/yoast.com\/product\/yoast-seo-wordpress\/ -->\n<title>Politique de cookies - Hotel Coma<\/title>\n<meta name=\"robots\" content=\"noindex, follow, max-snippet:-1, max-image-preview:large, max-video-preview:-1\" \/>\n<meta property=\"og:locale\" content=\"fr_FR\" \/>\n<meta property=\"og:type\" content=\"article\" \/>\n<meta property=\"og:title\" content=\"Politique de cookies - Hotel Coma\" \/>\n<meta property=\"og:description\" content=\"Informations sur les cookies Suite \u00e0 l&rsquo;entr\u00e9e en vigueur de la modification de la loi sur les services de la soci\u00e9t\u00e9 de l&rsquo;information et le commerce \u00e9lectronique (LSSICE), institu\u00e9e par le d\u00e9cret royal 13\/2012, il est obligatoire d&rsquo;obtenir le consentement expr\u00e8s de l&rsquo;utilisateur de toutes les pages web qui utilisent des cookies non essentiels avant [&hellip;]\" \/>\n<meta property=\"og:url\" content=\"https:\/\/hotelcoma.audiologygrowth.com\/fr\/politique-de-cookies\/\" \/>\n<meta property=\"og:site_name\" content=\"Hotel Coma\" \/>\n<meta property=\"article:modified_time\" content=\"2026-04-16T12:35:35+00:00\" \/>\n<meta name=\"twitter:card\" content=\"summary_large_image\" \/>\n<meta name=\"twitter:label1\" content=\"Dur\u00e9e de lecture estim\u00e9e\" \/>\n\t<meta name=\"twitter:data1\" content=\"2 minutes\" \/>\n<script type=\"application\/ld+json\" class=\"yoast-schema-graph\">{\"@context\":\"https:\/\/schema.org\",\"@graph\":[{\"@type\":\"WebPage\",\"@id\":\"https:\/\/hotelcoma.audiologygrowth.com\/fr\/politique-de-cookies\/\",\"url\":\"https:\/\/hotelcoma.audiologygrowth.com\/fr\/politique-de-cookies\/\",\"name\":\"Politique de cookies - Hotel Coma\",\"isPartOf\":{\"@id\":\"https:\/\/hotelcoma.audiologygrowth.com\/#website\"},\"datePublished\":\"2026-01-24T14:55:06+00:00\",\"dateModified\":\"2026-04-16T12:35:35+00:00\",\"breadcrumb\":{\"@id\":\"https:\/\/hotelcoma.audiologygrowth.com\/fr\/politique-de-cookies\/#breadcrumb\"},\"inLanguage\":\"fr-FR\",\"potentialAction\":[{\"@type\":\"ReadAction\",\"target\":[\"https:\/\/hotelcoma.audiologygrowth.com\/fr\/politique-de-cookies\/\"]}]},{\"@type\":\"BreadcrumbList\",\"@id\":\"https:\/\/hotelcoma.audiologygrowth.com\/fr\/politique-de-cookies\/#breadcrumb\",\"itemListElement\":[{\"@type\":\"ListItem\",\"position\":1,\"name\":\"Inicio\",\"item\":\"https:\/\/hotelcoma.audiologygrowth.com\/fr\/accueil\/\"},{\"@type\":\"ListItem\",\"position\":2,\"name\":\"Politique de cookies\"}]},{\"@type\":\"WebSite\",\"@id\":\"https:\/\/hotelcoma.audiologygrowth.com\/#website\",\"url\":\"https:\/\/hotelcoma.audiologygrowth.com\/\",\"name\":\"Hotel Coma\",\"description\":\"\",\"publisher\":{\"@id\":\"https:\/\/hotelcoma.audiologygrowth.com\/#organization\"},\"potentialAction\":[{\"@type\":\"SearchAction\",\"target\":{\"@type\":\"EntryPoint\",\"urlTemplate\":\"https:\/\/hotelcoma.audiologygrowth.com\/?s={search_term_string}\"},\"query-input\":{\"@type\":\"PropertyValueSpecification\",\"valueRequired\":true,\"valueName\":\"search_term_string\"}}],\"inLanguage\":\"fr-FR\"},{\"@type\":\"Organization\",\"@id\":\"https:\/\/hotelcoma.audiologygrowth.com\/#organization\",\"name\":\"Hotel Coma\",\"url\":\"https:\/\/hotelcoma.audiologygrowth.com\/\",\"logo\":{\"@type\":\"ImageObject\",\"inLanguage\":\"fr-FR\",\"@id\":\"https:\/\/hotelcoma.audiologygrowth.com\/#\/schema\/logo\/image\/\",\"url\":\"https:\/\/hotelcoma.audiologygrowth.com\/wp-content\/uploads\/2025\/11\/Group-22.svg\",\"contentUrl\":\"https:\/\/hotelcoma.audiologygrowth.com\/wp-content\/uploads\/2025\/11\/Group-22.svg\",\"width\":229,\"height\":79,\"caption\":\"Hotel Coma\"},\"image\":{\"@id\":\"https:\/\/hotelcoma.audiologygrowth.com\/#\/schema\/logo\/image\/\"}}]}<\/script>\n<!-- \/ Yoast SEO plugin. -->","yoast_head_json":{"title":"Politique de cookies - Hotel Coma","robots":{"index":"noindex","follow":"follow","max-snippet":"max-snippet:-1","max-image-preview":"max-image-preview:large","max-video-preview":"max-video-preview:-1"},"og_locale":"fr_FR","og_type":"article","og_title":"Politique de cookies - Hotel Coma","og_description":"Informations sur les cookies Suite \u00e0 l&rsquo;entr\u00e9e en vigueur de la modification de la loi sur les services de la soci\u00e9t\u00e9 de l&rsquo;information et le commerce \u00e9lectronique (LSSICE), institu\u00e9e par le d\u00e9cret royal 13\/2012, il est obligatoire d&rsquo;obtenir le consentement expr\u00e8s de l&rsquo;utilisateur de toutes les pages web qui utilisent des cookies non essentiels avant [&hellip;]","og_url":"https:\/\/hotelcoma.audiologygrowth.com\/fr\/politique-de-cookies\/","og_site_name":"Hotel Coma","article_modified_time":"2026-04-16T12:35:35+00:00","twitter_card":"summary_large_image","twitter_misc":{"Dur\u00e9e de lecture estim\u00e9e":"2 minutes"},"schema":{"@context":"https:\/\/schema.org","@graph":[{"@type":"WebPage","@id":"https:\/\/hotelcoma.audiologygrowth.com\/fr\/politique-de-cookies\/","url":"https:\/\/hotelcoma.audiologygrowth.com\/fr\/politique-de-cookies\/","name":"Politique de cookies - Hotel Coma","isPartOf":{"@id":"https:\/\/hotelcoma.audiologygrowth.com\/#website"},"datePublished":"2026-01-24T14:55:06+00:00","dateModified":"2026-04-16T12:35:35+00:00","breadcrumb":{"@id":"https:\/\/hotelcoma.audiologygrowth.com\/fr\/politique-de-cookies\/#breadcrumb"},"inLanguage":"fr-FR","potentialAction":[{"@type":"ReadAction","target":["https:\/\/hotelcoma.audiologygrowth.com\/fr\/politique-de-cookies\/"]}]},{"@type":"BreadcrumbList","@id":"https:\/\/hotelcoma.audiologygrowth.com\/fr\/politique-de-cookies\/#breadcrumb","itemListElement":[{"@type":"ListItem","position":1,"name":"Inicio","item":"https:\/\/hotelcoma.audiologygrowth.com\/fr\/accueil\/"},{"@type":"ListItem","position":2,"name":"Politique de cookies"}]},{"@type":"WebSite","@id":"https:\/\/hotelcoma.audiologygrowth.com\/#website","url":"https:\/\/hotelcoma.audiologygrowth.com\/","name":"Hotel Coma","description":"","publisher":{"@id":"https:\/\/hotelcoma.audiologygrowth.com\/#organization"},"potentialAction":[{"@type":"SearchAction","target":{"@type":"EntryPoint","urlTemplate":"https:\/\/hotelcoma.audiologygrowth.com\/?s={search_term_string}"},"query-input":{"@type":"PropertyValueSpecification","valueRequired":true,"valueName":"search_term_string"}}],"inLanguage":"fr-FR"},{"@type":"Organization","@id":"https:\/\/hotelcoma.audiologygrowth.com\/#organization","name":"Hotel Coma","url":"https:\/\/hotelcoma.audiologygrowth.com\/","logo":{"@type":"ImageObject","inLanguage":"fr-FR","@id":"https:\/\/hotelcoma.audiologygrowth.com\/#\/schema\/logo\/image\/","url":"https:\/\/hotelcoma.audiologygrowth.com\/wp-content\/uploads\/2025\/11\/Group-22.svg","contentUrl":"https:\/\/hotelcoma.audiologygrowth.com\/wp-content\/uploads\/2025\/11\/Group-22.svg","width":229,"height":79,"caption":"Hotel Coma"},"image":{"@id":"https:\/\/hotelcoma.audiologygrowth.com\/#\/schema\/logo\/image\/"}}]}},"_links":{"self":[{"href":"https:\/\/hotelcoma.audiologygrowth.com\/fr\/wp-json\/wp\/v2\/pages\/7332","targetHints":{"allow":["GET"]}}],"collection":[{"href":"https:\/\/hotelcoma.audiologygrowth.com\/fr\/wp-json\/wp\/v2\/pages"}],"about":[{"href":"https:\/\/hotelcoma.audiologygrowth.com\/fr\/wp-json\/wp\/v2\/types\/page"}],"author":[{"embeddable":true,"href":"https:\/\/hotelcoma.audiologygrowth.com\/fr\/wp-json\/wp\/v2\/users\/1"}],"replies":[{"embeddable":true,"href":"https:\/\/hotelcoma.audiologygrowth.com\/fr\/wp-json\/wp\/v2\/comments?post=7332"}],"version-history":[{"count":3,"href":"https:\/\/hotelcoma.audiologygrowth.com\/fr\/wp-json\/wp\/v2\/pages\/7332\/revisions"}],"predecessor-version":[{"id":7335,"href":"https:\/\/hotelcoma.audiologygrowth.com\/fr\/wp-json\/wp\/v2\/pages\/7332\/revisions\/7335"}],"wp:attachment":[{"href":"https:\/\/hotelcoma.audiologygrowth.com\/fr\/wp-json\/wp\/v2\/media?parent=7332"}],"curies":[{"name":"wp","href":"https:\/\/api.w.org\/{rel}","templated":true}]}}