{"id":7368,"date":"2025-10-17T14:12:12","date_gmt":"2025-10-17T14:12:12","guid":{"rendered":"https:\/\/hotelcoma.audiologygrowth.com\/politique-de-confidentialite\/"},"modified":"2026-04-17T01:16:40","modified_gmt":"2026-04-17T01:16:40","slug":"politique-de-confidentialite","status":"publish","type":"page","link":"https:\/\/hotelcoma.audiologygrowth.com\/fr\/politique-de-confidentialite\/","title":{"rendered":"Politique de confidentialit\u00e9"},"content":{"rendered":"\n<p>Nom commercial : <strong>H\u00d4TEL COMA<\/strong><\/p>\n\n<p><strong>Num\u00e9ro d&rsquo;enregistrement commercial <\/strong>: 903688<\/p>\n\n<p><strong>Objectif commercial<\/strong> : H\u00d4TELS ET MOTELS AVEC RESTAURANTS<\/p>\n\n<h3 class=\"wp-block-heading\"><strong>Politique de confidentialit\u00e9<\/strong><\/h3>\n\n<p>Conform\u00e9ment aux dispositions de la loi 34\/2002 du 11 juillet relative aux services de la soci\u00e9t\u00e9 de l&rsquo;information et au commerce \u00e9lectronique, les informations g\u00e9n\u00e9rales suivantes concernant ce site web sont fournies.<\/p>\n\n<hr class=\"wp-block-separator has-alpha-channel-opacity\"\/>\n\n<h2 class=\"wp-block-heading\"><strong>OBJET<\/strong><\/h2>\n\n<p>Les pr\u00e9sentes conditions g\u00e9n\u00e9rales (ci-apr\u00e8s, les \u00ab Conditions G\u00e9n\u00e9rales \u00bb) r\u00e9gissent l\u2019utilisation de tous les services propos\u00e9s sur ce site web (ci-apr\u00e8s, le \u00ab Portail \u00bb) que <strong>GRUP COMA SL <\/strong>met \u00e0 la disposition des internautes.<\/p>\n\n<p>L\u2019utilisation du Portail implique l\u2019acceptation pleine et enti\u00e8re des pr\u00e9sentes Conditions G\u00e9n\u00e9rales, lesquelles peuvent \u00eatre modifi\u00e9es \u00e0 tout moment par <strong>GRUP COMA SL.<\/strong> Les utilisateurs sont \u00e9galement soumis aux conditions, notifications ou instructions sp\u00e9cifiques qui leur sont communiqu\u00e9es concernant certains contenus ou services, pour autant qu\u2019elles ne soient pas incompatibles avec les pr\u00e9sentes Conditions G\u00e9n\u00e9rales. <\/p>\n\n<hr class=\"wp-block-separator has-alpha-channel-opacity\"\/>\n\n<h2 class=\"wp-block-heading\"><strong>INFORMATIONS UTILISATEUR<\/strong><\/h2>\n\n<p><strong>GRUP COMA SL <\/strong>est le responsable du traitement des donn\u00e9es personnelles de l&rsquo;utilisateur et informe que ces donn\u00e9es seront trait\u00e9es conform\u00e9ment \u00e0 la r\u00e9glementation en vigueur sur la protection des donn\u00e9es personnelles, R\u00e8glement (UE) 2016\/679 du 27 avril 2016 (RGPD), relatif \u00e0 la protection des personnes physiques \u00e0 l&rsquo;\u00e9gard du traitement des donn\u00e9es \u00e0 caract\u00e8re personnel et \u00e0 la libre circulation de ces donn\u00e9es.<\/p>\n\n<p>Conform\u00e9ment \u00e0 l\u2019article 13 du RGPD, ce qui suit est express\u00e9ment, pr\u00e9cis\u00e9ment et sans \u00e9quivoque port\u00e9 \u00e0 votre connaissance :<\/p>\n\n<hr class=\"wp-block-separator has-alpha-channel-opacity\"\/>\n\n<h3 class=\"wp-block-heading\"><strong>Informations de base sur la protection des donn\u00e9es<\/strong><\/h3>\n\n<ul class=\"wp-block-list\">\n<li>Responsable : <strong>GRUP COMA SL<\/strong><\/li>\n\n\n\n<li><strong>Objectif<\/strong> : G\u00e9rer les r\u00e9servations des clients.<\/li>\n\n\n\n<li><strong>Base juridique<\/strong> : Consentement de la personne concern\u00e9e et inscription du client.<\/li>\n\n\n\n<li><strong>Destinataires<\/strong> : Les donn\u00e9es personnelles ne seront pas transf\u00e9r\u00e9es \u00e0 des tiers, sauf obligation l\u00e9gale ou consentement pr\u00e9alable de la personne concern\u00e9e.<\/li>\n\n\n\n<li><strong>Droits<\/strong> : Acc\u00e8s, rectification et suppression des donn\u00e9es, ainsi que d\u2019autres droits, comme d\u00e9taill\u00e9 dans les informations compl\u00e9mentaires.<\/li>\n<\/ul>\n\n<hr class=\"wp-block-separator has-alpha-channel-opacity\"\/>\n\n<h3 class=\"wp-block-heading\"><strong>Qui est responsable du traitement de vos donn\u00e9es ?<\/strong><\/h3>\n\n<ul class=\"wp-block-list\">\n<li><strong>Identit\u00e9<\/strong> : GRUP COMA SL<\/li>\n\n\n\n<li><strong>CIF<\/strong> : L-703477-X<\/li>\n\n\n\n<li><strong>Adresse postale <\/strong>: H\u00d4TEL COMA, Camp de la Tenada, AD300 Ordino<\/li>\n\n\n\n<li><strong>T\u00e9l\u00e9phone<\/strong> : +376 736 100<\/li>\n\n\n\n<li><strong>Courriel<\/strong> : hotelcoma@hotelcoma.com<\/li>\n<\/ul>\n\n<hr class=\"wp-block-separator has-alpha-channel-opacity\"\/>\n\n<h3 class=\"wp-block-heading\"><strong>Dans quel but traitons-nous vos donn\u00e9es ?<\/strong><\/h3>\n\n<h4 class=\"wp-block-heading\"><strong>Clients Web<\/strong><\/h4>\n\n<p>Lorsque vous effectuez une r\u00e9servation sur notre site web, les informations que vous fournissez servent \u00e0 traiter, exp\u00e9dier et facturer les services r\u00e9serv\u00e9s. Pour effectuer une r\u00e9servation en ligne, chaque client fournit volontairement ses informations personnelles (nom, pr\u00e9nom, adresse, num\u00e9ro de t\u00e9l\u00e9phone, informations de facturation et mode de paiement), qui doivent \u00eatre exactes et v\u00e9ridiques. <\/p>\n\n<h4 class=\"wp-block-heading\"><strong>Bulletin d&rsquo;information \/ Communications commerciales<\/strong><\/h4>\n\n<p>Lorsque vous nous donnez votre consentement conform\u00e9ment \u00e0 l&rsquo;article 21 de la loi sur les services de la soci\u00e9t\u00e9 de l&rsquo;information, nous utiliserons vos coordonn\u00e9es et informations d&rsquo;identification pour vous envoyer des informations sur les mises \u00e0 jour du site web, l&rsquo;actualit\u00e9 du secteur, ainsi que des promotions et des offres concernant nos produits et services.<\/p>\n\n<p>Les promotions sont soumises \u00e0 la disponibilit\u00e9 des produits et \u00e0 des conditions sp\u00e9cifiques. Pour toute question, veuillez contacter notre service client. <\/p>\n\n<h4 class=\"wp-block-heading\"><strong>Formulaire de contact<\/strong><\/h4>\n\n<p>Les donn\u00e9es personnelles transmises via les formulaires de contact seront utilis\u00e9es exclusivement pour r\u00e9pondre \u00e0 votre demande. Les informations collect\u00e9es se limitent \u00e0 votre identification, vos coordonn\u00e9es et les donn\u00e9es relatives \u00e0 la nature de votre demande. <\/p>\n\n<p>Concernant les informations de navigation automatiques, nous vous recommandons de consulter notre Politique relative aux cookies.<\/p>\n\n<h4 class=\"wp-block-heading\"><strong>R\u00e9seaux sociaux<\/strong><\/h4>\n\n<p>Notre site web vous permet d&rsquo;acc\u00e9der \u00e0 des plateformes de m\u00e9dias sociaux telles que Facebook, Twitter et Instagram, ouvertes \u00e0 tous les utilisateurs. Ces plateformes sont ind\u00e9pendantes de notre site web et visibles par tous leurs utilisateurs ; elles sont r\u00e9gies par leurs propres politiques de confidentialit\u00e9<strong>. GRUP COMA SL<\/strong> n&rsquo;est pas propri\u00e9taire de ces comptes sur les r\u00e9seaux sociaux. <\/p>\n\n<p>Nous traitons les informations fournies par les personnes int\u00e9ress\u00e9es afin de g\u00e9rer la transmission des informations demand\u00e9es et de proposer des offres de produits et\/ou services susceptibles de les int\u00e9resser. Un profil commercial peut \u00e9galement \u00eatre cr\u00e9\u00e9, mais aucune d\u00e9cision automatis\u00e9e ne sera prise sur la base de ce profil. <\/p>\n\n<hr class=\"wp-block-separator has-alpha-channel-opacity\"\/>\n\n<h3 class=\"wp-block-heading\"><strong>Combien de temps conserverons-nous vos donn\u00e9es ?<\/strong><\/h3>\n\n<p>Les donn\u00e9es seront conserv\u00e9es aussi longtemps qu&rsquo;il existe un int\u00e9r\u00eat mutuel \u00e0 maintenir la finalit\u00e9 du traitement et, lorsqu&rsquo;elles ne seront plus n\u00e9cessaires, elles seront supprim\u00e9es en appliquant des mesures de s\u00e9curit\u00e9 appropri\u00e9es pour garantir leur anonymisation ou leur destruction totale.<\/p>\n\n<hr class=\"wp-block-separator has-alpha-channel-opacity\"\/>\n\n<h3 class=\"wp-block-heading\"><strong>Quel est le fondement juridique du traitement de vos donn\u00e9es ?<\/strong><\/h3>\n\n<h4 class=\"wp-block-heading\"><strong>Consentement de la partie int\u00e9ress\u00e9e<\/strong><\/h4>\n\n<p>Votre consentement est requis pour g\u00e9rer les r\u00e9servations et r\u00e9pondre aux demandes formul\u00e9es via le formulaire de contact ou par courriel. Le retrait de ce consentement n&rsquo;aura aucune incidence sur la prestation des services contractuels. <\/p>\n\n<h4 class=\"wp-block-heading\"><strong>Int\u00e9r\u00eat l\u00e9gitime<\/strong><\/h4>\n\n<p>Le traitement peut \u00e9galement \u00eatre fond\u00e9 sur l\u2019int\u00e9r\u00eat l\u00e9gitime de<strong> GRUP COMA SL <\/strong>\u00e0 am\u00e9liorer la qualit\u00e9 des services, \u00e0 r\u00e9aliser des statistiques, des enqu\u00eates ou des \u00e9tudes de march\u00e9.<\/p>\n\n<hr class=\"wp-block-separator has-alpha-channel-opacity\"\/>\n\n<h3 class=\"wp-block-heading\"><strong>\u00c0 qui vos donn\u00e9es seront-elles communiqu\u00e9es ?<\/strong><\/h3>\n\n<p><strong>GRUP COMA SL<\/strong> peut communiquer des donn\u00e9es \u00e0 des soci\u00e9t\u00e9s qui fournissent des services n\u00e9cessaires \u00e0 la gestion des r\u00e9servations et \u00e0 la relation avec le client, agissant en tant que sous-traitants de donn\u00e9es.<\/p>\n\n<p>En particulier:<\/p>\n\n<ul class=\"wp-block-list\">\n<li><strong>WITBOOKING<\/strong> : Soci\u00e9t\u00e9 responsable du moteur de r\u00e9servation. Il est recommand\u00e9 de consulter sa politique de confidentialit\u00e9 \u00e0 l\u2019adresse https:\/\/www.witbooking.com\/policy. <\/li>\n<\/ul>\n\n<p>De m\u00eame, les donn\u00e9es peuvent \u00eatre communiqu\u00e9es lorsqu&rsquo;il existe une obligation l\u00e9gale.<\/p>\n\n<hr class=\"wp-block-separator has-alpha-channel-opacity\"\/>\n\n<h3 class=\"wp-block-heading\"><strong>Quels sont vos droits ?<\/strong><\/h3>\n\n<ul class=\"wp-block-list\">\n<li><strong>Acc\u00e8s<\/strong> : Confirmez si vos donn\u00e9es personnelles sont trait\u00e9es.<\/li>\n\n\n\n<li><strong>Rectification<\/strong> : Demander la correction des donn\u00e9es inexactes.<\/li>\n\n\n\n<li><strong>Suppression<\/strong> : Demandez la suppression des donn\u00e9es lorsqu&rsquo;elles ne sont plus n\u00e9cessaires.<\/li>\n\n\n\n<li><strong>Opposition<\/strong> : S&rsquo;opposer \u00e0 un traitement pour des raisons personnelles.<\/li>\n\n\n\n<li><strong>Limitation du traitement<\/strong> : Dans les cas pr\u00e9vus \u00e0 l\u2019article 18 du RGPD.<\/li>\n\n\n\n<li><strong>Portabilit\u00e9<\/strong> : Recevoir vos donn\u00e9es dans un format \u00e9lectronique structur\u00e9 et les transmettre \u00e0 un autre responsable du traitement.<\/li>\n<\/ul>\n\n<hr class=\"wp-block-separator has-alpha-channel-opacity\"\/>\n\n<h3 class=\"wp-block-heading\"><strong>Canaux de services<\/strong><\/h3>\n\n<ul class=\"wp-block-list\">\n<li><strong>Courriel<\/strong> : hotelcoma@hotelcoma.com<\/li>\n\n\n\n<li><strong>Adresse postale<\/strong> : Carrer del Camp de la Tanada, AD300 Ordino, Andorre<\/li>\n\n\n\n<li><strong>T\u00e9l\u00e9phone<\/strong> : +376 736 100<\/li>\n<\/ul>\n\n<p>Pour exercer vos droits, vous devez joindre une copie de votre carte d&rsquo;identit\u00e9 ou d&rsquo;un document \u00e9quivalent. L&rsquo;exercice de ces droits est gratuit. <\/p>\n\n<hr class=\"wp-block-separator has-alpha-channel-opacity\"\/>\n\n<h3 class=\"wp-block-heading\"><strong>Quels sont les recours possibles pour porter plainte ?<\/strong><\/h3>\n\n<p>Les personnes concern\u00e9es peuvent d\u00e9poser une plainte aupr\u00e8s de l&rsquo;autorit\u00e9 de contr\u00f4le comp\u00e9tente en mati\u00e8re de protection des donn\u00e9es via le site www.agpd.es.<\/p>\n\n<hr class=\"wp-block-separator has-alpha-channel-opacity\"\/>\n\n<h2 class=\"wp-block-heading\"><strong>Politique d&rsquo;annulation et de remboursement<\/strong><\/h2>\n\n<p>Les r\u00e9servations effectu\u00e9es via ce site web sont garanties par carte bancaire (seules les cartes VISA et MASTERCARD sont accept\u00e9es). En cas de non-pr\u00e9sentation ou d&rsquo;annulation hors d\u00e9lai, le montant d&rsquo;une nuit\u00e9e sera automatiquement d\u00e9bit\u00e9, <strong>sauf pour les offres non remboursables,<\/strong> pour lesquelles la totalit\u00e9 du s\u00e9jour sera due. <\/p>\n\n<p>Si un pr\u00e9l\u00e8vement a \u00e9t\u00e9 effectu\u00e9 et que l&rsquo;annulation intervient dans le d\u00e9lai imparti, le montant sera int\u00e9gralement rembours\u00e9 \u00e0 l&rsquo;utilisateur.<\/p>\n\n<hr class=\"wp-block-separator has-alpha-channel-opacity\"\/>\n\n<h2 class=\"wp-block-heading\"><strong>Juridiction<\/strong><\/h2>\n\n<p>En cas de litige entre les parties, celui-ci sera soumis aux tribunaux de la<strong> Principaut\u00e9 d&rsquo;Andorre.<\/strong><\/p>\n\n<p><\/p>\n","protected":false},"excerpt":{"rendered":"<p>Nom commercial : H\u00d4TEL COMA Num\u00e9ro d&rsquo;enregistrement commercial : 903688 Objectif commercial : H\u00d4TELS ET MOTELS AVEC RESTAURANTS Politique de confidentialit\u00e9 Conform\u00e9ment aux dispositions de la loi 34\/2002 du 11 juillet relative aux services de la soci\u00e9t\u00e9 de l&rsquo;information et au commerce \u00e9lectronique, les informations g\u00e9n\u00e9rales suivantes concernant ce site web sont fournies. OBJET Les [&hellip;]<\/p>\n","protected":false},"author":1,"featured_media":0,"parent":0,"menu_order":0,"comment_status":"closed","ping_status":"open","template":"","meta":{"footnotes":""},"class_list":["post-7368","page","type-page","status-publish","hentry"],"yoast_head":"<!-- This site is optimized with the Yoast SEO plugin v27.2 - https:\/\/yoast.com\/product\/yoast-seo-wordpress\/ -->\n<title>Politique de confidentialit\u00e9 - Hotel Coma<\/title>\n<meta name=\"robots\" content=\"noindex, follow, max-snippet:-1, max-image-preview:large, max-video-preview:-1\" \/>\n<meta property=\"og:locale\" content=\"fr_FR\" \/>\n<meta property=\"og:type\" content=\"article\" \/>\n<meta property=\"og:title\" content=\"Politique de confidentialit\u00e9 - Hotel Coma\" \/>\n<meta property=\"og:description\" content=\"Nom commercial : H\u00d4TEL COMA Num\u00e9ro d&rsquo;enregistrement commercial : 903688 Objectif commercial : H\u00d4TELS ET MOTELS AVEC RESTAURANTS Politique de confidentialit\u00e9 Conform\u00e9ment aux dispositions de la loi 34\/2002 du 11 juillet relative aux services de la soci\u00e9t\u00e9 de l&rsquo;information et au commerce \u00e9lectronique, les informations g\u00e9n\u00e9rales suivantes concernant ce site web sont fournies. OBJET Les [&hellip;]\" \/>\n<meta property=\"og:url\" content=\"https:\/\/hotelcoma.audiologygrowth.com\/fr\/politique-de-confidentialite\/\" \/>\n<meta property=\"og:site_name\" content=\"Hotel Coma\" \/>\n<meta property=\"article:modified_time\" content=\"2026-04-17T01:16:40+00:00\" \/>\n<meta name=\"twitter:card\" content=\"summary_large_image\" \/>\n<meta name=\"twitter:label1\" content=\"Dur\u00e9e de lecture estim\u00e9e\" \/>\n\t<meta name=\"twitter:data1\" content=\"6 minutes\" \/>\n<script type=\"application\/ld+json\" class=\"yoast-schema-graph\">{\"@context\":\"https:\/\/schema.org\",\"@graph\":[{\"@type\":\"WebPage\",\"@id\":\"https:\/\/hotelcoma.audiologygrowth.com\/fr\/politique-de-confidentialite\/\",\"url\":\"https:\/\/hotelcoma.audiologygrowth.com\/fr\/politique-de-confidentialite\/\",\"name\":\"Politique de confidentialit\u00e9 - Hotel Coma\",\"isPartOf\":{\"@id\":\"https:\/\/hotelcoma.audiologygrowth.com\/#website\"},\"datePublished\":\"2025-10-17T14:12:12+00:00\",\"dateModified\":\"2026-04-17T01:16:40+00:00\",\"breadcrumb\":{\"@id\":\"https:\/\/hotelcoma.audiologygrowth.com\/fr\/politique-de-confidentialite\/#breadcrumb\"},\"inLanguage\":\"fr-FR\",\"potentialAction\":[{\"@type\":\"ReadAction\",\"target\":[\"https:\/\/hotelcoma.audiologygrowth.com\/fr\/politique-de-confidentialite\/\"]}]},{\"@type\":\"BreadcrumbList\",\"@id\":\"https:\/\/hotelcoma.audiologygrowth.com\/fr\/politique-de-confidentialite\/#breadcrumb\",\"itemListElement\":[{\"@type\":\"ListItem\",\"position\":1,\"name\":\"Inicio\",\"item\":\"https:\/\/hotelcoma.audiologygrowth.com\/fr\/accueil\/\"},{\"@type\":\"ListItem\",\"position\":2,\"name\":\"Politique de confidentialit\u00e9\"}]},{\"@type\":\"WebSite\",\"@id\":\"https:\/\/hotelcoma.audiologygrowth.com\/#website\",\"url\":\"https:\/\/hotelcoma.audiologygrowth.com\/\",\"name\":\"Hotel Coma\",\"description\":\"\",\"publisher\":{\"@id\":\"https:\/\/hotelcoma.audiologygrowth.com\/#organization\"},\"potentialAction\":[{\"@type\":\"SearchAction\",\"target\":{\"@type\":\"EntryPoint\",\"urlTemplate\":\"https:\/\/hotelcoma.audiologygrowth.com\/?s={search_term_string}\"},\"query-input\":{\"@type\":\"PropertyValueSpecification\",\"valueRequired\":true,\"valueName\":\"search_term_string\"}}],\"inLanguage\":\"fr-FR\"},{\"@type\":\"Organization\",\"@id\":\"https:\/\/hotelcoma.audiologygrowth.com\/#organization\",\"name\":\"Hotel Coma\",\"url\":\"https:\/\/hotelcoma.audiologygrowth.com\/\",\"logo\":{\"@type\":\"ImageObject\",\"inLanguage\":\"fr-FR\",\"@id\":\"https:\/\/hotelcoma.audiologygrowth.com\/#\/schema\/logo\/image\/\",\"url\":\"https:\/\/hotelcoma.audiologygrowth.com\/wp-content\/uploads\/2025\/11\/Group-22.svg\",\"contentUrl\":\"https:\/\/hotelcoma.audiologygrowth.com\/wp-content\/uploads\/2025\/11\/Group-22.svg\",\"width\":229,\"height\":79,\"caption\":\"Hotel Coma\"},\"image\":{\"@id\":\"https:\/\/hotelcoma.audiologygrowth.com\/#\/schema\/logo\/image\/\"}}]}<\/script>\n<!-- \/ Yoast SEO plugin. -->","yoast_head_json":{"title":"Politique de confidentialit\u00e9 - Hotel Coma","robots":{"index":"noindex","follow":"follow","max-snippet":"max-snippet:-1","max-image-preview":"max-image-preview:large","max-video-preview":"max-video-preview:-1"},"og_locale":"fr_FR","og_type":"article","og_title":"Politique de confidentialit\u00e9 - Hotel Coma","og_description":"Nom commercial : H\u00d4TEL COMA Num\u00e9ro d&rsquo;enregistrement commercial : 903688 Objectif commercial : H\u00d4TELS ET MOTELS AVEC RESTAURANTS Politique de confidentialit\u00e9 Conform\u00e9ment aux dispositions de la loi 34\/2002 du 11 juillet relative aux services de la soci\u00e9t\u00e9 de l&rsquo;information et au commerce \u00e9lectronique, les informations g\u00e9n\u00e9rales suivantes concernant ce site web sont fournies. OBJET Les [&hellip;]","og_url":"https:\/\/hotelcoma.audiologygrowth.com\/fr\/politique-de-confidentialite\/","og_site_name":"Hotel Coma","article_modified_time":"2026-04-17T01:16:40+00:00","twitter_card":"summary_large_image","twitter_misc":{"Dur\u00e9e de lecture estim\u00e9e":"6 minutes"},"schema":{"@context":"https:\/\/schema.org","@graph":[{"@type":"WebPage","@id":"https:\/\/hotelcoma.audiologygrowth.com\/fr\/politique-de-confidentialite\/","url":"https:\/\/hotelcoma.audiologygrowth.com\/fr\/politique-de-confidentialite\/","name":"Politique de confidentialit\u00e9 - Hotel Coma","isPartOf":{"@id":"https:\/\/hotelcoma.audiologygrowth.com\/#website"},"datePublished":"2025-10-17T14:12:12+00:00","dateModified":"2026-04-17T01:16:40+00:00","breadcrumb":{"@id":"https:\/\/hotelcoma.audiologygrowth.com\/fr\/politique-de-confidentialite\/#breadcrumb"},"inLanguage":"fr-FR","potentialAction":[{"@type":"ReadAction","target":["https:\/\/hotelcoma.audiologygrowth.com\/fr\/politique-de-confidentialite\/"]}]},{"@type":"BreadcrumbList","@id":"https:\/\/hotelcoma.audiologygrowth.com\/fr\/politique-de-confidentialite\/#breadcrumb","itemListElement":[{"@type":"ListItem","position":1,"name":"Inicio","item":"https:\/\/hotelcoma.audiologygrowth.com\/fr\/accueil\/"},{"@type":"ListItem","position":2,"name":"Politique de confidentialit\u00e9"}]},{"@type":"WebSite","@id":"https:\/\/hotelcoma.audiologygrowth.com\/#website","url":"https:\/\/hotelcoma.audiologygrowth.com\/","name":"Hotel Coma","description":"","publisher":{"@id":"https:\/\/hotelcoma.audiologygrowth.com\/#organization"},"potentialAction":[{"@type":"SearchAction","target":{"@type":"EntryPoint","urlTemplate":"https:\/\/hotelcoma.audiologygrowth.com\/?s={search_term_string}"},"query-input":{"@type":"PropertyValueSpecification","valueRequired":true,"valueName":"search_term_string"}}],"inLanguage":"fr-FR"},{"@type":"Organization","@id":"https:\/\/hotelcoma.audiologygrowth.com\/#organization","name":"Hotel Coma","url":"https:\/\/hotelcoma.audiologygrowth.com\/","logo":{"@type":"ImageObject","inLanguage":"fr-FR","@id":"https:\/\/hotelcoma.audiologygrowth.com\/#\/schema\/logo\/image\/","url":"https:\/\/hotelcoma.audiologygrowth.com\/wp-content\/uploads\/2025\/11\/Group-22.svg","contentUrl":"https:\/\/hotelcoma.audiologygrowth.com\/wp-content\/uploads\/2025\/11\/Group-22.svg","width":229,"height":79,"caption":"Hotel Coma"},"image":{"@id":"https:\/\/hotelcoma.audiologygrowth.com\/#\/schema\/logo\/image\/"}}]}},"_links":{"self":[{"href":"https:\/\/hotelcoma.audiologygrowth.com\/fr\/wp-json\/wp\/v2\/pages\/7368","targetHints":{"allow":["GET"]}}],"collection":[{"href":"https:\/\/hotelcoma.audiologygrowth.com\/fr\/wp-json\/wp\/v2\/pages"}],"about":[{"href":"https:\/\/hotelcoma.audiologygrowth.com\/fr\/wp-json\/wp\/v2\/types\/page"}],"author":[{"embeddable":true,"href":"https:\/\/hotelcoma.audiologygrowth.com\/fr\/wp-json\/wp\/v2\/users\/1"}],"replies":[{"embeddable":true,"href":"https:\/\/hotelcoma.audiologygrowth.com\/fr\/wp-json\/wp\/v2\/comments?post=7368"}],"version-history":[{"count":1,"href":"https:\/\/hotelcoma.audiologygrowth.com\/fr\/wp-json\/wp\/v2\/pages\/7368\/revisions"}],"predecessor-version":[{"id":7369,"href":"https:\/\/hotelcoma.audiologygrowth.com\/fr\/wp-json\/wp\/v2\/pages\/7368\/revisions\/7369"}],"wp:attachment":[{"href":"https:\/\/hotelcoma.audiologygrowth.com\/fr\/wp-json\/wp\/v2\/media?parent=7368"}],"curies":[{"name":"wp","href":"https:\/\/api.w.org\/{rel}","templated":true}]}}